{"id":976,"date":"2018-10-08T12:26:26","date_gmt":"2018-10-08T12:26:26","guid":{"rendered":"http:\/\/www.biltrec.com\/?page_id=976"},"modified":"2025-05-14T10:17:24","modified_gmt":"2025-05-14T10:17:24","slug":"farmacia-intermedios-y-veterinaria","status":"publish","type":"page","link":"https:\/\/www.biltrec.com\/ca\/farmacia-intermedios-y-veterinaria\/","title":{"rendered":"Farm\u00e0cia, intermitjos i veterinaria"},"content":{"rendered":"<p style=\"padding: 0px 0px 20px 0px;\"><img decoding=\"async\" class=\".img_mercat\" src=\"http:\/\/www.biltrec.com\/wp-content\/uploads\/2018\/10\/img3_farmacia.jpg\" \/><\/p>\n<p style=\"padding: 10px 0px;\">\n<h2 class=\"h5 titularproductes\">Productes<\/h2>\n<table id=\"myTable\" class=\"tablesorter datatable row-border\">\n<thead>\n<tr>\n<th>Producte<\/th>\n<th>N\u00ba CAS<\/th>\n<th>Registro REACH<\/th>\n<\/tr>\n<\/thead>\n<tbody>\n<tr>\n<td>Sulfato de Dietilo<\/td>\n<td>64-67-5<\/td>\n<td>Si<\/td>\n<\/tr>\n<tr>\n<td>\u00c1cido M\u00e1lico<\/td>\n<td>6915-15-7<\/td>\n<td><em>*En estudio<\/em><\/td>\n<\/tr>\n<tr>\n<td>Dimetil Anilina<\/td>\n<td>121-69-7<\/td>\n<td>Si<\/td>\n<\/tr>\n<tr>\n<td>Sulfato de Dimetilo<\/td>\n<td>77-78-1<\/td>\n<td>Si<\/td>\n<\/tr>\n<tr>\n<td>\u00c1cido Fum\u00e1rico<\/td>\n<td>110-17-8<\/td>\n<td>Si<\/td>\n<\/tr>\n<tr>\n<td>Anh\u00eddrido Maleico<\/td>\n<td>108-31-6<\/td>\n<td>Si<\/td>\n<\/tr>\n<tr>\n<td>Orto Chloro Para Nitro Anilina<\/td>\n<td>6121-87-9<\/td>\n<td>Si<\/td>\n<\/tr>\n<tr>\n<td>Orto Nitro Anilina<\/td>\n<td>88-74-4<\/td>\n<td>Si<\/td>\n<\/tr>\n<tr>\n<td>Para Dicloro Benceno<\/td>\n<td>106-46-7<\/td>\n<td>Si<\/td>\n<\/tr>\n<tr>\n<td>Paraformaldehido 96%<\/td>\n<td>30525-89-4<\/td>\n<td>Si<\/td>\n<\/tr>\n<tr>\n<td>Para Nitro Anilina<\/td>\n<td>100-01-6<\/td>\n<td>Si<\/td>\n<\/tr>\n<tr>\n<td>\u00c1cido Este\u00e1rico<\/td>\n<td>57-11-4<\/td>\n<td><em>*En estudio<\/em><\/td>\n<\/tr>\n<tr>\n<td>Alcohol Isoprop\u00edlico<\/td>\n<td>67-63-0<\/td>\n<td>Si<\/td>\n<\/tr>\n<tr>\n<td>UREA N46<\/td>\n<td>57-13-6 <\/td>\n<td>Si<\/td>\n<\/tr>\n<\/tbody>\n<\/table>\n<div class=\"info_mercat\">\n<div>\n<div class=\"info_mercat_text\">Per sol\u00b7licitar m\u00e9s informaci\u00f3, pots contactar amb nosaltres a trav\u00e9s del nostre formulari de contacte.<\/div>\n<div class=\"info_mercat_boto\"><a href=\"http:\/\/www.biltrec.com\/solicitar-informacion\/\">Sol\u00b7licitar informaci\u00f3<\/a><\/div>\n<p>&nbsp;<\/p>\n<\/div>\n<\/div>","protected":false},"excerpt":{"rendered":"<p>Productes Producte N\u00ba CAS Registro REACH Sulfato de Dietilo 64-67-5 Si \u00c1cido M\u00e1lico 6915-15-7 *En estudio Dimetil Anilina 121-69-7 Si Sulfato de Dimetilo 77-78-1 Si \u00c1cido Fum\u00e1rico 110-17-8 Si Anh\u00eddrido Maleico 108-31-6 Si Orto Chloro Para Nitro Anilina 6121-87-9 Si &hellip; <a href=\"https:\/\/www.biltrec.com\/ca\/farmacia-intermedios-y-veterinaria\/\">Continued<\/a><\/p>\n","protected":false},"author":1,"featured_media":0,"parent":0,"menu_order":0,"comment_status":"closed","ping_status":"closed","template":"page-fullwidth.php","meta":{"jetpack_post_was_ever_published":false,"footnotes":""},"class_list":["post-976","page","type-page","status-publish","hentry"],"jetpack_sharing_enabled":true,"jetpack_shortlink":"https:\/\/wp.me\/PanbbY-fK","_links":{"self":[{"href":"https:\/\/www.biltrec.com\/ca\/wp-json\/wp\/v2\/pages\/976","targetHints":{"allow":["GET"]}}],"collection":[{"href":"https:\/\/www.biltrec.com\/ca\/wp-json\/wp\/v2\/pages"}],"about":[{"href":"https:\/\/www.biltrec.com\/ca\/wp-json\/wp\/v2\/types\/page"}],"author":[{"embeddable":true,"href":"https:\/\/www.biltrec.com\/ca\/wp-json\/wp\/v2\/users\/1"}],"replies":[{"embeddable":true,"href":"https:\/\/www.biltrec.com\/ca\/wp-json\/wp\/v2\/comments?post=976"}],"version-history":[{"count":24,"href":"https:\/\/www.biltrec.com\/ca\/wp-json\/wp\/v2\/pages\/976\/revisions"}],"predecessor-version":[{"id":2794,"href":"https:\/\/www.biltrec.com\/ca\/wp-json\/wp\/v2\/pages\/976\/revisions\/2794"}],"wp:attachment":[{"href":"https:\/\/www.biltrec.com\/ca\/wp-json\/wp\/v2\/media?parent=976"}],"curies":[{"name":"wp","href":"https:\/\/api.w.org\/{rel}","templated":true}]}}