{"id":974,"date":"2018-10-08T12:26:05","date_gmt":"2018-10-08T12:26:05","guid":{"rendered":"http:\/\/www.biltrec.com\/?page_id=974"},"modified":"2025-05-14T10:17:49","modified_gmt":"2025-05-14T10:17:49","slug":"lacas-y-barnices","status":"publish","type":"page","link":"https:\/\/www.biltrec.com\/ca\/lacas-y-barnices\/","title":{"rendered":"Laques i vernissos"},"content":{"rendered":"<p style=\"padding: 0px 0px 20px 0px;\"><img decoding=\"async\" class=\".img_mercat\" src=\"http:\/\/www.biltrec.com\/wp-content\/uploads\/2018\/10\/img3_laques.jpg\"><\/p>\n<p style=\"padding: 10px 0px;\">&nbsp;<\/p>\n<h5 class=\"titularproductes\">Productes<\/h5>\n<table id=\"myTable\" class=\"tablesorter datatable row-border\">\n<thead>\n<tr>\n<th>Producte<\/th>\n<th>N\u00ba CAS<\/th>\n<th>Registro REACH<\/th>\n<\/tr>\n<\/thead>\n<tbody>\n<tr>\n<td>\u00c1cido 1,2-Hidroxieste\u00e1rico<\/td>\n<td>106-14-9<\/td>\n<td>Si<\/td>\n<\/tr>\n<tr>\n<td>\u00c1cido Ad\u00edpico<\/td>\n<td>124-04-9<\/td>\n<td>Si<\/td>\n<\/tr>\n<tr>\n<td>Antioxidantes<\/td>\n<td>&nbsp;<\/td>\n<td>Si<\/td>\n<\/tr>\n<tr>\n<td>Polifosfato Am\u00f3nico<\/td>\n<td>68333-79-9<\/td>\n<td>Si<\/td>\n<\/tr>\n<tr>\n<td>Carbonato c\u00e1lcico Coloidal Precipitado<\/td>\n<td>471-34-1<\/td>\n<td>Si<\/td>\n<\/tr>\n<tr>\n<td>Caol\u00edn Calcinado<\/td>\n<td>66402-68-4<\/td>\n<td>n\/a<\/td>\n<\/tr>\n<tr>\n<td>Parafina Clorada<\/td>\n<td>63449-39-8<\/td>\n<td>Si<\/td>\n<\/tr>\n<tr>\n<td>Aceite de Ricino Deshidratado<\/td>\n<td>8001-79-4<\/td>\n<td><em>*En estudio<\/em><\/td>\n<\/tr>\n<tr>\n<td>Dipentaeritrita<\/td>\n<td>126-58-9<\/td>\n<td>Si<\/td>\n<\/tr>\n<tr>\n<td>Ftalato de Dimetilo<\/td>\n<td>131-11-3<\/td>\n<td>Si<\/td>\n<\/tr>\n<tr>\n<td>Acetato de Etilo<\/td>\n<td>141-78-6<\/td>\n<td><em>*En estudio<\/em><\/td>\n<\/tr>\n<tr>\n<td>\u00c1cido Fum\u00e1rico<\/td>\n<td>110-17-8<\/td>\n<td>Si<\/td>\n<\/tr>\n<tr>\n<td>Aceite Ricino 1a Presi\u00f3n<\/td>\n<td>8001-78-4<\/td>\n<td>n\/a<\/td>\n<\/tr>\n<tr>\n<td>Aceite de Ricino Hidrogenado<\/td>\n<td>8001-78-3<\/td>\n<td>Si<\/td>\n<\/tr>\n<tr>\n<td>Melamina<\/td>\n<td>108-78-1<\/td>\n<td>Si<\/td>\n<\/tr>\n<tr>\n<td>Dipentaeritrita micronizada<\/td>\n<td>126-58-9<\/td>\n<td>Si<\/td>\n<\/tr>\n<tr>\n<td>Melamina Micronizada<\/td>\n<td>108-78-1<\/td>\n<td>Si<\/td>\n<\/tr>\n<tr>\n<td>Pentaeritrita Micronizada<\/td>\n<td>115-77-5<\/td>\n<td>Si<\/td>\n<\/tr>\n<tr>\n<td>Neopentilglycol<\/td>\n<td>126-30-7<\/td>\n<td>Si<\/td>\n<\/tr>\n<tr>\n<td>Anh\u00eddrido Ft\u00e1lico<\/td>\n<td>85-44-9<\/td>\n<td>Si<\/td>\n<\/tr>\n<tr>\n<td>Pentaeritrita<\/td>\n<td>115-77-5<\/td>\n<td>Si<\/td>\n<\/tr>\n<tr>\n<td>Petroresina \/ Resina de Hidrocarburo<\/td>\n<td>67742-16-1<\/td>\n<td><em>*En estudio<\/em><\/td>\n<\/tr>\n<tr>\n<td>S\u00edlice Pirog\u00e9nica<\/td>\n<td>7631-86-9<\/td>\n<td>Si<\/td>\n<\/tr>\n<tr>\n<td>TrimetilolPropano<\/td>\n<td>77-99-6<\/td>\n<td>Si<\/td>\n<\/tr>\n<tr>\n<td>TrimetilolPropano  Dialil Eter<\/td>\n<td>682-09-7<\/td>\n<td>Si<\/td>\n<\/tr>\n<tr>\n<td>Filtros Ultravioleta<\/td>\n<td>&nbsp;<\/td>\n<td><em>*En estudio<\/em><\/td>\n<\/tr>\n<\/tbody>\n<\/table>\n<div class=\"info_mercat\">\n<div>\n<div class=\"info_mercat_text\">Per sol\u00b7licitar m\u00e9s informaci\u00f3, pots contactar amb nosaltres a trav\u00e9s del nostre formulari de contacte.<\/div>\n<div class=\"info_mercat_boto\"><a href=\"http:\/\/www.biltrec.com\/solicitar-informacion\/\">Sol\u00b7licitar informaci\u00f3<\/a><\/div>\n<p>&nbsp;<\/p>\n<\/div>\n<\/div>","protected":false},"excerpt":{"rendered":"<p>&nbsp; Productes Producte N\u00ba CAS Registro REACH \u00c1cido 1,2-Hidroxieste\u00e1rico 106-14-9 Si \u00c1cido Ad\u00edpico 124-04-9 Si Antioxidantes &nbsp; Si Polifosfato Am\u00f3nico 68333-79-9 Si Carbonato c\u00e1lcico Coloidal Precipitado 471-34-1 Si Caol\u00edn Calcinado 66402-68-4 n\/a Parafina Clorada 63449-39-8 Si Aceite de Ricino Deshidratado &hellip; <a href=\"https:\/\/www.biltrec.com\/ca\/lacas-y-barnices\/\">Continued<\/a><\/p>\n","protected":false},"author":1,"featured_media":0,"parent":0,"menu_order":0,"comment_status":"closed","ping_status":"closed","template":"page-fullwidth.php","meta":{"jetpack_post_was_ever_published":false,"footnotes":""},"class_list":["post-974","page","type-page","status-publish","hentry"],"jetpack_sharing_enabled":true,"jetpack_shortlink":"https:\/\/wp.me\/PanbbY-fI","_links":{"self":[{"href":"https:\/\/www.biltrec.com\/ca\/wp-json\/wp\/v2\/pages\/974","targetHints":{"allow":["GET"]}}],"collection":[{"href":"https:\/\/www.biltrec.com\/ca\/wp-json\/wp\/v2\/pages"}],"about":[{"href":"https:\/\/www.biltrec.com\/ca\/wp-json\/wp\/v2\/types\/page"}],"author":[{"embeddable":true,"href":"https:\/\/www.biltrec.com\/ca\/wp-json\/wp\/v2\/users\/1"}],"replies":[{"embeddable":true,"href":"https:\/\/www.biltrec.com\/ca\/wp-json\/wp\/v2\/comments?post=974"}],"version-history":[{"count":26,"href":"https:\/\/www.biltrec.com\/ca\/wp-json\/wp\/v2\/pages\/974\/revisions"}],"predecessor-version":[{"id":2796,"href":"https:\/\/www.biltrec.com\/ca\/wp-json\/wp\/v2\/pages\/974\/revisions\/2796"}],"wp:attachment":[{"href":"https:\/\/www.biltrec.com\/ca\/wp-json\/wp\/v2\/media?parent=974"}],"curies":[{"name":"wp","href":"https:\/\/api.w.org\/{rel}","templated":true}]}}