{"id":970,"date":"2018-10-08T12:25:31","date_gmt":"2018-10-08T12:25:31","guid":{"rendered":"http:\/\/www.biltrec.com\/?page_id=970"},"modified":"2025-05-14T10:16:06","modified_gmt":"2025-05-14T10:16:06","slug":"adhesivos-pegamentos-y-sellantes","status":"publish","type":"page","link":"https:\/\/www.biltrec.com\/ca\/adhesivos-pegamentos-y-sellantes\/","title":{"rendered":"Adhesius, coles i sellants"},"content":{"rendered":"<p style=\"padding: 0px 0px 20px 0px;\"><img decoding=\"async\" class=\".img_mercat\" src=\"http:\/\/www.biltrec.com\/wp-content\/uploads\/2018\/10\/img3_adhesius.jpg\" \/><\/p>\n<p style=\"padding: 10px 0px;\">\n<h2 class=\"h5 titularproductes\">Productes<\/h2>\n<table id=\"myTable\" class=\"tablesorter datatable row-border\">\n<thead>\n<tr>\n<th>Producte<\/th>\n<th>N\u00ba CAS<\/th>\n<th>Registro REACH<\/th>\n<\/tr>\n<\/thead>\n<tbody>\n<tr>\n<td>Acido Benzoico<\/td>\n<td>65-85-0 <\/td>\n<td>Si<\/td>\n<\/tr>\n<tr>\n<td>\u00c1cido Mal\u00f3nico<\/td>\n<td>141-82-2<\/td>\n<td><em>*En estudio<\/em><\/td>\n<\/tr>\n<tr>\n<td>Carbonato c\u00e1lcico Coloidal Precipitado<\/td>\n<td>471-34-1<\/td>\n<td>Si<\/td>\n<\/tr>\n<tr>\n<td>Parafina Clorada<\/td>\n<td>63449-39-8<\/td>\n<td>Si<\/td>\n<\/tr>\n<tr>\n<td>\u00c1cido Fum\u00e1rico<\/td>\n<td>110-17-8<\/td>\n<td>Si<\/td>\n<\/tr>\n<tr>\n<td>AZPH \/ AAPH \/ AMPA    &#8211;  Azobis(2-metilpropionamidina) dihidrocloruro<\/td>\n<td>2997-92-4<\/td>\n<td>Si<\/td>\n<\/tr>\n<tr>\n<td>Retardantes de Llama<\/td>\n<td><\/td>\n<td><em>*En estudio<\/em><\/td>\n<\/tr>\n<tr>\n<td>Hexamina<\/td>\n<td>100-97-0<\/td>\n<td>Si<\/td>\n<\/tr>\n<tr>\n<td>Melamina<\/td>\n<td>108-78-1<\/td>\n<td>Si<\/td>\n<\/tr>\n<tr>\n<td>Resinas de Melamina Formaldehidos<\/td>\n<td>9003-08-1<\/td>\n<td>Si<\/td>\n<\/tr>\n<tr>\n<td>Melamina Micronizada<\/td>\n<td>108-78-1<\/td>\n<td>Si<\/td>\n<\/tr>\n<tr>\n<td>Plastificantes<\/td>\n<td><\/td>\n<td><em>*En estudio<\/em><\/td>\n<\/tr>\n<tr>\n<td>Petroresina \/ Resina de Hidrocarburo<\/td>\n<td>67442-16-1<\/td>\n<td><em>*En estudio<\/em><\/td>\n<\/tr>\n<tr>\n<td>S\u00edlice Pirog\u00e9nica<\/td>\n<td>7631-86-9<\/td>\n<td>Si<\/td>\n<\/tr>\n<tr>\n<td>Resinas de Urea Formaldehido<\/td>\n<td>9011-05-6<\/td>\n<td><em>*En estudio<\/em><\/td>\n<\/tr>\n<tr>\n<td>Silicato (Siliconato) de Potasio<\/td>\n<td>1312-76-1<\/td>\n<td>Si<\/td>\n<\/tr>\n<tr>\n<td>UREA N46<\/td>\n<td>57-13-6 <\/td>\n<td>Si<\/td>\n<\/tr>\n<\/tbody>\n<\/table>\n<div class=\"info_mercat\">\n<div>\n<div class=\"info_mercat_text\">Per sol\u00b7licitar m\u00e9s informaci\u00f3, pots contactar amb nosaltres a trav\u00e9s del nostre formulari de contacte.<\/div>\n<div class=\"info_mercat_boto\"><a href=\"http:\/\/www.biltrec.com\/solicitar-informacion\/\">Sol\u00b7licitar informaci\u00f3<\/a><\/div>\n<p>&nbsp;<\/p>\n<\/div>\n<\/div>","protected":false},"excerpt":{"rendered":"<p>Productes Producte N\u00ba CAS Registro REACH Acido Benzoico 65-85-0 Si \u00c1cido Mal\u00f3nico 141-82-2 *En estudio Carbonato c\u00e1lcico Coloidal Precipitado 471-34-1 Si Parafina Clorada 63449-39-8 Si \u00c1cido Fum\u00e1rico 110-17-8 Si AZPH \/ AAPH \/ AMPA &#8211; Azobis(2-metilpropionamidina) dihidrocloruro 2997-92-4 Si Retardantes &hellip; <a href=\"https:\/\/www.biltrec.com\/ca\/adhesivos-pegamentos-y-sellantes\/\">Continued<\/a><\/p>\n","protected":false},"author":1,"featured_media":0,"parent":0,"menu_order":0,"comment_status":"closed","ping_status":"closed","template":"page-fullwidth.php","meta":{"jetpack_post_was_ever_published":false,"footnotes":""},"class_list":["post-970","page","type-page","status-publish","hentry"],"jetpack_sharing_enabled":true,"jetpack_shortlink":"https:\/\/wp.me\/PanbbY-fE","_links":{"self":[{"href":"https:\/\/www.biltrec.com\/ca\/wp-json\/wp\/v2\/pages\/970","targetHints":{"allow":["GET"]}}],"collection":[{"href":"https:\/\/www.biltrec.com\/ca\/wp-json\/wp\/v2\/pages"}],"about":[{"href":"https:\/\/www.biltrec.com\/ca\/wp-json\/wp\/v2\/types\/page"}],"author":[{"embeddable":true,"href":"https:\/\/www.biltrec.com\/ca\/wp-json\/wp\/v2\/users\/1"}],"replies":[{"embeddable":true,"href":"https:\/\/www.biltrec.com\/ca\/wp-json\/wp\/v2\/comments?post=970"}],"version-history":[{"count":38,"href":"https:\/\/www.biltrec.com\/ca\/wp-json\/wp\/v2\/pages\/970\/revisions"}],"predecessor-version":[{"id":2789,"href":"https:\/\/www.biltrec.com\/ca\/wp-json\/wp\/v2\/pages\/970\/revisions\/2789"}],"wp:attachment":[{"href":"https:\/\/www.biltrec.com\/ca\/wp-json\/wp\/v2\/media?parent=970"}],"curies":[{"name":"wp","href":"https:\/\/api.w.org\/{rel}","templated":true}]}}