{"id":968,"date":"2018-10-08T12:25:13","date_gmt":"2018-10-08T12:25:13","guid":{"rendered":"http:\/\/www.biltrec.com\/?page_id=968"},"modified":"2025-05-14T10:16:19","modified_gmt":"2025-05-14T10:16:19","slug":"caucho","status":"publish","type":"page","link":"https:\/\/www.biltrec.com\/ca\/caucho\/","title":{"rendered":"Cautxu"},"content":{"rendered":"<p style=\"padding: 0px 0px 20px 0px;\"><img decoding=\"async\" class=\".img_mercat\" src=\"http:\/\/www.biltrec.com\/wp-content\/uploads\/2018\/10\/img3_cautxu.jpg\" \/><\/p>\n<p style=\"padding: 10px 0px;\">\n<h2 class=\"h5 titularproductes\">Productes<\/h2>\n<table id=\"myTable\" class=\"tablesorter datatable row-border\">\n<thead>\n<tr>\n<th>Producte<\/th>\n<th>N\u00ba CAS<\/th>\n<th>Registro REACH<\/th>\n<\/tr>\n<\/thead>\n<tbody>\n<tr>\n<td>Antioxidantes<\/td>\n<td><\/td>\n<td>Si<\/td>\n<\/tr>\n<tr>\n<td>Carbonato c\u00e1lcico Coloidal Precipitado<\/td>\n<td>471-34-1<\/td>\n<td>Si<\/td>\n<\/tr>\n<tr>\n<td>Caol\u00edn Calcinado<\/td>\n<td>66402-68-4<\/td>\n<td>n\/a<\/td>\n<\/tr>\n<tr>\n<td>Parafina Clorada<\/td>\n<td>63449-39-8<\/td>\n<td>Si<\/td>\n<\/tr>\n<tr>\n<td>Erucamida<\/td>\n<td>112-84-5<\/td>\n<td>Si<\/td>\n<\/tr>\n<tr>\n<td>Aceite de Ricino Hidrogenado<\/td>\n<td>8001-78-3<\/td>\n<td>Si<\/td>\n<\/tr>\n<tr>\n<td>Hexamina<\/td>\n<td>100-97-0<\/td>\n<td>Si<\/td>\n<\/tr>\n<tr>\n<td>Blanqueantes \u00d3pticos<\/td>\n<td><\/td>\n<td><em>*En estudio<\/em><\/td>\n<\/tr>\n<tr>\n<td>Petroresina \/ Resina de Hidrocarburo<\/td>\n<td>67742-16-1<\/td>\n<td><em>*En estudio<\/em><\/td>\n<\/tr>\n<tr>\n<td>\u00c1cido Este\u00e1rico<\/td>\n<td>57-11-4<\/td>\n<td><em>*En estudio<\/em><\/td>\n<\/tr>\n<tr>\n<td>Filtros Ultravioleta<\/td>\n<td><\/td>\n<td><em>*En estudio<\/em><\/td>\n<\/tr>\n<tr>\n<td>Dimetil Anilina<\/td>\n<td>121-69-7<\/td>\n<td>Si<\/td>\n<\/tr>\n<tr>\n<td>Dimetil Para Toluidina<\/td>\n<td>99-97-8<\/td>\n<td>Si<\/td>\n<\/tr>\n<tr>\n<td>UREA N46<\/td>\n<td>57-13-6 <\/td>\n<td>Si<\/td>\n<\/tr>\n<\/tbody>\n<\/table>\n<div class=\"info_mercat\">\n<div>\n<div class=\"info_mercat_text\">Per sol\u00b7licitar m\u00e9s informaci\u00f3, pots contactar amb nosaltres a trav\u00e9s del nostre formulari de contacte.<\/div>\n<div class=\"info_mercat_boto\"><a href=\"http:\/\/www.biltrec.com\/solicitar-informacion\/\">Sol\u00b7licitar informaci\u00f3<\/a><\/div>\n<p>&nbsp;<\/p>\n<\/div>\n<\/div>","protected":false},"excerpt":{"rendered":"<p>Productes Producte N\u00ba CAS Registro REACH Antioxidantes Si Carbonato c\u00e1lcico Coloidal Precipitado 471-34-1 Si Caol\u00edn Calcinado 66402-68-4 n\/a Parafina Clorada 63449-39-8 Si Erucamida 112-84-5 Si Aceite de Ricino Hidrogenado 8001-78-3 Si Hexamina 100-97-0 Si Blanqueantes \u00d3pticos *En estudio Petroresina \/ &hellip; <a href=\"https:\/\/www.biltrec.com\/ca\/caucho\/\">Continued<\/a><\/p>\n","protected":false},"author":1,"featured_media":0,"parent":0,"menu_order":0,"comment_status":"closed","ping_status":"closed","template":"page-fullwidth.php","meta":{"jetpack_post_was_ever_published":false,"footnotes":""},"class_list":["post-968","page","type-page","status-publish","hentry"],"jetpack_sharing_enabled":true,"jetpack_shortlink":"https:\/\/wp.me\/PanbbY-fC","_links":{"self":[{"href":"https:\/\/www.biltrec.com\/ca\/wp-json\/wp\/v2\/pages\/968","targetHints":{"allow":["GET"]}}],"collection":[{"href":"https:\/\/www.biltrec.com\/ca\/wp-json\/wp\/v2\/pages"}],"about":[{"href":"https:\/\/www.biltrec.com\/ca\/wp-json\/wp\/v2\/types\/page"}],"author":[{"embeddable":true,"href":"https:\/\/www.biltrec.com\/ca\/wp-json\/wp\/v2\/users\/1"}],"replies":[{"embeddable":true,"href":"https:\/\/www.biltrec.com\/ca\/wp-json\/wp\/v2\/comments?post=968"}],"version-history":[{"count":28,"href":"https:\/\/www.biltrec.com\/ca\/wp-json\/wp\/v2\/pages\/968\/revisions"}],"predecessor-version":[{"id":2790,"href":"https:\/\/www.biltrec.com\/ca\/wp-json\/wp\/v2\/pages\/968\/revisions\/2790"}],"wp:attachment":[{"href":"https:\/\/www.biltrec.com\/ca\/wp-json\/wp\/v2\/media?parent=968"}],"curies":[{"name":"wp","href":"https:\/\/api.w.org\/{rel}","templated":true}]}}