{"id":966,"date":"2018-10-08T12:24:56","date_gmt":"2018-10-08T12:24:56","guid":{"rendered":"http:\/\/www.biltrec.com\/?page_id=966"},"modified":"2025-05-14T10:18:06","modified_gmt":"2025-05-14T10:18:06","slug":"plasticos-y-tintas","status":"publish","type":"page","link":"https:\/\/www.biltrec.com\/ca\/plasticos-y-tintas\/","title":{"rendered":"Plastics i tintes d&#8217;impressi\u00f2"},"content":{"rendered":"<p style=\"padding: 0px 0px 20px 0px;\"><img decoding=\"async\" class=\".img_mercat\" src=\"http:\/\/www.biltrec.com\/wp-content\/uploads\/2018\/10\/img3_plastics.jpg\" \/><\/p>\n<p style=\"padding: 10px 0px;\">\n<h2 class=\"h5 titularproductes\">Productes<\/h2>\n<table id=\"myTable\" class=\"tablesorter datatable row-border\">\n<thead>\n<tr>\n<th>Producte<\/th>\n<th>N\u00ba CAS<\/th>\n<th>Registro REACH<\/th>\n<\/tr>\n<\/thead>\n<tbody>\n<tr>\n<td>Acetoguanamina<\/td>\n<td> 542-02-9<\/td>\n<td>Si<\/td>\n<\/tr>\n<tr>\n<td>\u00c1cido 1,2-Hidroxieste\u00e1rico<\/td>\n<td>106-14-9<\/td>\n<td>Si<\/td>\n<\/tr>\n<tr>\n<td>\u00c1cido 4-amino-benzoico (PABA)<\/td>\n<td>150-13-0<\/td>\n<td>Under Study<\/td>\n<\/tr>\n<tr>\n<td>\u00c1cido Ad\u00edpico<\/td>\n<td>124-04-9<\/td>\n<td>Si<\/td>\n<\/tr>\n<tr>\n<td>Antioxidantes<\/td>\n<td><\/td>\n<td>Si<\/td>\n<\/tr>\n<tr>\n<td>AZPH \/ AAPH \/ AMPA    &#8211;  Azobis(2-metilpropionamidina) dihidrocloruro<\/td>\n<td>2997-92-4<\/td>\n<td>Si<\/td>\n<\/tr>\n<tr>\n<td>Polifosfato Am\u00f3nico<\/td>\n<td>68333-79-9<\/td>\n<td>Si<\/td>\n<\/tr>\n<tr>\n<td>Carbonato c\u00e1lcico Coloidal Precipitado<\/td>\n<td>471-34-1<\/td>\n<td>Si<\/td>\n<\/tr>\n<tr>\n<td>Caol\u00edn Calcinado<\/td>\n<td>66402-68-4<\/td>\n<td>n\/a<\/td>\n<\/tr>\n<tr>\n<td>Parafina Clorada<\/td>\n<td>63449-39-8<\/td>\n<td>Si<\/td>\n<\/tr>\n<tr>\n<td>Aceite de Ricino Deshidratado<\/td>\n<td>8001-79-4<\/td>\n<td><em>*En estudio<\/em><\/td>\n<\/tr>\n<tr>\n<td>Dipentaeritrita<\/td>\n<td>126-58-9<\/td>\n<td>Si<\/td>\n<\/tr>\n<tr>\n<td>Ftalato de Dimetilo<\/td>\n<td>131-11-3<\/td>\n<td>Si<\/td>\n<\/tr>\n<tr>\n<td>Acetato de Etilo<\/td>\n<td>141-78-6<\/td>\n<td><em>*En estudio<\/em><\/td>\n<\/tr>\n<tr>\n<td>Erucamida<\/td>\n<td>112-84-5<\/td>\n<td>Si<\/td>\n<\/tr>\n<tr>\n<td>\u00c1cido Fum\u00e1rico<\/td>\n<td>110-17-8<\/td>\n<td>Si<\/td>\n<\/tr>\n<tr>\n<td>Aceite Ricino 1a Presi\u00f3n<\/td>\n<td>8001-78-4<\/td>\n<td>n\/a<\/td>\n<\/tr>\n<tr>\n<td>Aceite de Ricino Hidrogenado<\/td>\n<td>8001-78-3<\/td>\n<td>Si<\/td>\n<\/tr>\n<tr>\n<td>Hexamina<\/td>\n<td>100-97-0<\/td>\n<td>Si<\/td>\n<\/tr>\n<tr>\n<td>Melamina<\/td>\n<td>108-78-1<\/td>\n<td>Si<\/td>\n<\/tr>\n<tr>\n<td>Dipentaeritrita micronizada<\/td>\n<td>126-58-9<\/td>\n<td>Si<\/td>\n<\/tr>\n<tr>\n<td>Melamina Micronizada<\/td>\n<td>108-78-1<\/td>\n<td>Si<\/td>\n<\/tr>\n<tr>\n<td>Pentaeritrita Micronizada<\/td>\n<td>115-77-5<\/td>\n<td>Si<\/td>\n<\/tr>\n<tr>\n<td>Neopentilglycol<\/td>\n<td>126-30-7<\/td>\n<td>Si<\/td>\n<\/tr>\n<tr>\n<td>Blanqueantes \u00d3pticos<\/td>\n<td><\/td>\n<td><em>*En estudio<\/em><\/td>\n<\/tr>\n<tr>\n<td>Anh\u00eddrido Ft\u00e1lico<\/td>\n<td>85-44-9<\/td>\n<td>Si<\/td>\n<\/tr>\n<tr>\n<td>Pentaeritrita<\/td>\n<td>115-77-5<\/td>\n<td>Si<\/td>\n<\/tr>\n<tr>\n<td>Petroresina \/ Resina de Hidrocarburo<\/td>\n<td>67742-16-1<\/td>\n<td><em>*En estudio<\/em><\/td>\n<\/tr>\n<tr>\n<td>Poly-Alpha-Metilestireno (AMS \/ PAMS)<\/td>\n<td>5014-31-7<\/td>\n<td><em>*En estudio<\/em><\/td>\n<\/tr>\n<tr>\n<td>\u00c1cido Este\u00e1rico<\/td>\n<td>57-11-4<\/td>\n<td><em>*En estudio<\/em><\/td>\n<\/tr>\n<tr>\n<td>S\u00edlice Pirog\u00e9nica<\/td>\n<td>7631-86-9<\/td>\n<td>Si<\/td>\n<\/tr>\n<tr>\n<td>TrimetilolPropano<\/td>\n<td>77-99-6<\/td>\n<td>Si<\/td>\n<\/tr>\n<tr>\n<td>TrimetilolPropano Dialil Eter<\/td>\n<td>682-09-7<\/td>\n<td>Si<\/td>\n<\/tr>\n<tr>\n<td>Filtros Ultravioleta<\/td>\n<td><\/td>\n<td><em>*En estudio<\/em><\/td>\n<\/tr>\n<tr>\n<td>Alcohol Isoprop\u00edlico<\/td>\n<td>67-63-0<\/td>\n<td>Si<\/td>\n<\/tr>\n<tr>\n<td>UREA N46<\/td>\n<td>57-13-6 <\/td>\n<td>Si<\/td>\n<\/tr>\n<\/tbody>\n<\/table>\n<div class=\"info_mercat\">\n<div>\n<div class=\"info_mercat_text\">Per sol\u00b7licitar m\u00e9s informaci\u00f3, pots contactar amb nosaltres a trav\u00e9s del nostre formulari de contacte.<\/div>\n<div class=\"info_mercat_boto\"><a href=\"http:\/\/www.biltrec.com\/solicitar-informacion\/\">Sol\u00b7licitar informaci\u00f3<\/a><\/div>\n<p>&nbsp;<\/p>\n<\/div>\n<\/div>","protected":false},"excerpt":{"rendered":"<p>Productes Producte N\u00ba CAS Registro REACH Acetoguanamina 542-02-9 Si \u00c1cido 1,2-Hidroxieste\u00e1rico 106-14-9 Si \u00c1cido 4-amino-benzoico (PABA) 150-13-0 Under Study \u00c1cido Ad\u00edpico 124-04-9 Si Antioxidantes Si AZPH \/ AAPH \/ AMPA &#8211; Azobis(2-metilpropionamidina) dihidrocloruro 2997-92-4 Si Polifosfato Am\u00f3nico 68333-79-9 Si Carbonato &hellip; <a href=\"https:\/\/www.biltrec.com\/ca\/plasticos-y-tintas\/\">Continued<\/a><\/p>\n","protected":false},"author":1,"featured_media":0,"parent":0,"menu_order":0,"comment_status":"closed","ping_status":"closed","template":"page-fullwidth.php","meta":{"jetpack_post_was_ever_published":false,"footnotes":""},"class_list":["post-966","page","type-page","status-publish","hentry"],"jetpack_sharing_enabled":true,"jetpack_shortlink":"https:\/\/wp.me\/PanbbY-fA","_links":{"self":[{"href":"https:\/\/www.biltrec.com\/ca\/wp-json\/wp\/v2\/pages\/966","targetHints":{"allow":["GET"]}}],"collection":[{"href":"https:\/\/www.biltrec.com\/ca\/wp-json\/wp\/v2\/pages"}],"about":[{"href":"https:\/\/www.biltrec.com\/ca\/wp-json\/wp\/v2\/types\/page"}],"author":[{"embeddable":true,"href":"https:\/\/www.biltrec.com\/ca\/wp-json\/wp\/v2\/users\/1"}],"replies":[{"embeddable":true,"href":"https:\/\/www.biltrec.com\/ca\/wp-json\/wp\/v2\/comments?post=966"}],"version-history":[{"count":31,"href":"https:\/\/www.biltrec.com\/ca\/wp-json\/wp\/v2\/pages\/966\/revisions"}],"predecessor-version":[{"id":2797,"href":"https:\/\/www.biltrec.com\/ca\/wp-json\/wp\/v2\/pages\/966\/revisions\/2797"}],"wp:attachment":[{"href":"https:\/\/www.biltrec.com\/ca\/wp-json\/wp\/v2\/media?parent=966"}],"curies":[{"name":"wp","href":"https:\/\/api.w.org\/{rel}","templated":true}]}}