{"id":961,"date":"2018-10-08T12:23:31","date_gmt":"2018-10-08T12:23:31","guid":{"rendered":"http:\/\/www.biltrec.com\/?page_id=961"},"modified":"2025-05-14T10:14:44","modified_gmt":"2025-05-14T10:14:44","slug":"aceites-lubricantes-y-grasas","status":"publish","type":"page","link":"https:\/\/www.biltrec.com\/ca\/aceites-lubricantes-y-grasas\/","title":{"rendered":"Olis, lubricants i greixos"},"content":{"rendered":"<p>&nbsp;<\/p>\r\n<p style=\"padding: 0px 0px 20px 0px;\"><img decoding=\"async\" class=\".img_mercat\" src=\"http:\/\/www.biltrec.com\/wp-content\/uploads\/2018\/10\/img3_olis.jpg\" \/><\/p>\r\n<h2 class=\"h5 titularproductes\">Productes<\/h2>\r\n<table id=\"myTable\" class=\"tablesorter datatable row-border\">\r\n<thead>\r\n<tr>\r\n<th>Producte<\/th>\r\n<th>N\u00ba CAS<\/th>\r\n<th>Reach Registred<\/th>\r\n<\/tr>\r\n<\/thead>\r\n<tbody>\r\n<tr>\r\n<td>\u00c1cido 1,2-Hidroxieste\u00e1rico<\/td>\r\n<td>106-14-9<\/td>\r\n<td>Si<\/td>\r\n<\/tr>\r\n<tr>\r\n<td>\u00c1cido Ad\u00edpico<\/td>\r\n<td>124-04-9<\/td>\r\n<td>Si<\/td>\r\n<\/tr>\r\n<tr>\r\n<td>Antioxidantes<\/td>\r\n<td>\u00a0<\/td>\r\n<td>Si<\/td>\r\n<\/tr>\r\n<tr>\r\n<td>Parafina Clorada<\/td>\r\n<td>63449-39-8<\/td>\r\n<td>Si<\/td>\r\n<\/tr>\r\n<tr>\r\n<td>Aceite de Ricino Deshidratado<\/td>\r\n<td>8001-79-4<\/td>\r\n<td><em>*En estudio<\/em><\/td>\r\n<\/tr>\r\n<tr>\r\n<td>Dipentaeritrita<\/td>\r\n<td>126-58-9<\/td>\r\n<td>Si<\/td>\r\n<\/tr>\r\n<tr>\r\n<td>\u00c1cido Fum\u00e1rico<\/td>\r\n<td>110-17-8<\/td>\r\n<td>Si<\/td>\r\n<\/tr>\r\n<tr>\r\n<td>Aceite Ricino 1a Presi\u00f3n<\/td>\r\n<td>8001-78-4<\/td>\r\n<td>n\/a<\/td>\r\n<\/tr>\r\n<tr>\r\n<td>Aceite de Ricino Hidrogenado<\/td>\r\n<td>8001-78-3<\/td>\r\n<td>Si<\/td>\r\n<\/tr>\r\n<tr>\r\n<td>Dipentaeritrita micronizada<\/td>\r\n<td>126-58-9<\/td>\r\n<td>Si<\/td>\r\n<\/tr>\r\n<tr>\r\n<td>Pentaeritrita Micronizada<\/td>\r\n<td>115-77-5<\/td>\r\n<td>Si<\/td>\r\n<\/tr>\r\n<tr>\r\n<td>Neopentilglycol<\/td>\r\n<td>126-30-7<\/td>\r\n<td>Si<\/td>\r\n<\/tr>\r\n<tr>\r\n<td>Pentaeritrita<\/td>\r\n<td>115-77-5<\/td>\r\n<td>Si<\/td>\r\n<\/tr>\r\n<tr>\r\n<td>\u00c1cido Seb\u00e1cico<\/td>\r\n<td>111-20-6<\/td>\r\n<td>Si<\/td>\r\n<\/tr>\r\n<tr>\r\n<td>Silicato (Siliconato) de Potasio<\/td>\r\n<td>1312-76-1<\/td>\r\n<td>Si<\/td>\r\n<\/tr>\r\n<tr>\r\n<td>S\u00edlice Pirog\u00e9nica<\/td>\r\n<td>7631-86-9<\/td>\r\n<td>Si<\/td>\r\n<\/tr>\r\n<tr>\r\n<td>TrimetilolPropano<\/td>\r\n<td>77-99-6<\/td>\r\n<td>Si<\/td>\r\n<\/tr>\r\n<tr>\r\n<td>Hidr\u00f3xido de Litio<\/td>\r\n<td>1310-66-3<\/td>\r\n<td>Si<\/td>\r\n<\/tr>\r\n<tr>\r\n<td>UREA N46<\/td>\r\n<td>57-13-6 <\/td>\r\n<td>Si<\/td>\r\n<\/tr>\r\n<\/tbody>\r\n<\/table>\r\n<div class=\"info_mercat\">\r\n<div>\r\n<div class=\"info_mercat_text\">Per sol\u00b7licitar m\u00e9s informaci\u00f3, pots contactar amb nosaltres a trav\u00e9s del nostre formulari de contacte.<\/div>\r\n<div class=\"info_mercat_boto\"><a href=\"http:\/\/www.biltrec.com\/solicitar-informacion\/\">Sol\u00b7licitar informaci\u00f3<\/a><\/div>\r\n<\/div>\r\n<\/div>\r\n<p>&nbsp;<\/p>","protected":false},"excerpt":{"rendered":"<p>&nbsp; Productes Producte N\u00ba CAS Reach Registred \u00c1cido 1,2-Hidroxieste\u00e1rico 106-14-9 Si \u00c1cido Ad\u00edpico 124-04-9 Si Antioxidantes \u00a0 Si Parafina Clorada 63449-39-8 Si Aceite de Ricino Deshidratado 8001-79-4 *En estudio Dipentaeritrita 126-58-9 Si \u00c1cido Fum\u00e1rico 110-17-8 Si Aceite Ricino 1a Presi\u00f3n &hellip; <a href=\"https:\/\/www.biltrec.com\/ca\/aceites-lubricantes-y-grasas\/\">Continued<\/a><\/p>\n","protected":false},"author":1,"featured_media":0,"parent":0,"menu_order":0,"comment_status":"closed","ping_status":"closed","template":"page-fullwidth.php","meta":{"jetpack_post_was_ever_published":false,"footnotes":""},"class_list":["post-961","page","type-page","status-publish","hentry"],"jetpack_sharing_enabled":true,"jetpack_shortlink":"https:\/\/wp.me\/PanbbY-fv","_links":{"self":[{"href":"https:\/\/www.biltrec.com\/ca\/wp-json\/wp\/v2\/pages\/961","targetHints":{"allow":["GET"]}}],"collection":[{"href":"https:\/\/www.biltrec.com\/ca\/wp-json\/wp\/v2\/pages"}],"about":[{"href":"https:\/\/www.biltrec.com\/ca\/wp-json\/wp\/v2\/types\/page"}],"author":[{"embeddable":true,"href":"https:\/\/www.biltrec.com\/ca\/wp-json\/wp\/v2\/users\/1"}],"replies":[{"embeddable":true,"href":"https:\/\/www.biltrec.com\/ca\/wp-json\/wp\/v2\/comments?post=961"}],"version-history":[{"count":41,"href":"https:\/\/www.biltrec.com\/ca\/wp-json\/wp\/v2\/pages\/961\/revisions"}],"predecessor-version":[{"id":2787,"href":"https:\/\/www.biltrec.com\/ca\/wp-json\/wp\/v2\/pages\/961\/revisions\/2787"}],"wp:attachment":[{"href":"https:\/\/www.biltrec.com\/ca\/wp-json\/wp\/v2\/media?parent=961"}],"curies":[{"name":"wp","href":"https:\/\/api.w.org\/{rel}","templated":true}]}}