{"id":959,"date":"2018-10-08T12:22:55","date_gmt":"2018-10-08T12:22:55","guid":{"rendered":"http:\/\/www.biltrec.com\/?page_id=959"},"modified":"2025-05-14T10:16:38","modified_gmt":"2025-05-14T10:16:38","slug":"curtidos-y-textil","status":"publish","type":"page","link":"https:\/\/www.biltrec.com\/ca\/curtidos-y-textil\/","title":{"rendered":"Curtits i T\u00e8xtil"},"content":{"rendered":"<p style=\"padding: 0px 0px 20px 0px;\"><img decoding=\"async\" class=\".img_mercat\" src=\"http:\/\/www.biltrec.com\/wp-content\/uploads\/2018\/10\/img3_curtits.jpg\" \/><\/p>\n<p style=\"padding: 10px 0px;\">\n<h2 class=\"h5 titularproductes\">Productes<\/h2>\n<table id=\"myTable\" class=\"tablesorter datatable row-border\">\n<thead>\n<tr>\n<th>Producte<\/th>\n<th>N\u00ba CAS<\/th>\n<th>Registro REACH<\/th>\n<\/tr>\n<\/thead>\n<tbody>\n<tr>\n<td>Acido Benzoico<\/td>\n<td>65-85-0 <\/td>\n<td>Si<\/td>\n<\/tr>\n<tr>\n<td>Aminas<\/td>\n<td><\/td>\n<td><em>*En estudio<\/em><\/td>\n<\/tr>\n<tr>\n<td>AZPH \/ AAPH \/ AMPA    &#8211;  Azobis(2-metilpropionamidina) dihidrocloruro<\/td>\n<td>2997-92-4<\/td>\n<td>Si<\/td>\n<\/tr>\n<tr>\n<td>Polifosfato Am\u00f3nico<\/td>\n<td>68333-79-9<\/td>\n<td>Si<\/td>\n<\/tr>\n<tr>\n<td>Bisphenol-S (B)<\/td>\n<td>80-09-1<\/td>\n<td><em>*En estudio<\/em><\/td>\n<\/tr>\n<tr>\n<td>Dimetil Decil Amina<\/td>\n<td>1120-24-7<\/td>\n<td>Si<\/td>\n<\/tr>\n<tr>\n<td>Carbonato c\u00e1lcico Coloidal Precipitado<\/td>\n<td>471-34-1<\/td>\n<td>Si<\/td>\n<\/tr>\n<tr>\n<td>Caol\u00edn Calcinado<\/td>\n<td>66402-68-4<\/td>\n<td>n\/a<\/td>\n<\/tr>\n<tr>\n<td>Silicato (Siliconato) de Potasio<\/td>\n<td>1312-76-1<\/td>\n<td>Si<\/td>\n<\/tr>\n<tr>\n<td>Sulfato de Dietilo<\/td>\n<td>64-67-5<\/td>\n<td>Si<\/td>\n<\/tr>\n<tr>\n<td>Dipentaeritrita<\/td>\n<td>126-58-9<\/td>\n<td>Si<\/td>\n<\/tr>\n<tr>\n<td>Ftalato de Dimetilo<\/td>\n<td>131-11-3<\/td>\n<td>Si<\/td>\n<\/tr>\n<tr>\n<td>Dimetil Para Toluidina<\/td>\n<td>99-97-8<\/td>\n<td>Si<\/td>\n<\/tr>\n<tr>\n<td>Sulfato de Dimetilo<\/td>\n<td>77-78-1<\/td>\n<td>Si<\/td>\n<\/tr>\n<tr>\n<td>Hexamina<\/td>\n<td>100-97-0<\/td>\n<td>Si<\/td>\n<\/tr>\n<tr>\n<td>Resinas de Melamina Formaldehido<\/td>\n<td>9003-08-1<\/td>\n<td>Si<\/td>\n<\/tr>\n<tr>\n<td>Dipentaeritrita micronizada<\/td>\n<td>126-58-9<\/td>\n<td>Si<\/td>\n<\/tr>\n<tr>\n<td>OrtoAnisidina<\/td>\n<td>90-04-0<\/td>\n<td>Si<\/td>\n<\/tr>\n<tr>\n<td>Paraformaldehido 96%<\/td>\n<td>30525-89-4<\/td>\n<td>Si<\/td>\n<\/tr>\n<tr>\n<td>\u00c1cido Este\u00e1rico<\/td>\n<td>57-11-4<\/td>\n<td><em>*En estudio<\/em><\/td>\n<\/tr>\n<tr>\n<td>Resinas de Urea Formaldehido<\/td>\n<td>9011-05-6<\/td>\n<td><em>*En estudio<\/em><\/td>\n<\/tr>\n<tr>\n<td>Anh\u00eddrido Ft\u00e1lico<\/td>\n<td>85-44-9<\/td>\n<td>Si<\/td>\n<\/tr>\n<tr>\n<td>Anh\u00eddrido Maleico<\/td>\n<td>108-31-6<\/td>\n<td>Si<\/td>\n<\/tr>\n<tr>\n<td>\u00c1cido 12-Hidroxieste\u00e1rico<\/td>\n<td>106-14-9<\/td>\n<td>Si<\/td>\n<\/tr>\n<tr>\n<td>\u00c1cido Ad\u00edpico<\/td>\n<td>124-04-9<\/td>\n<td>Si<\/td>\n<\/tr>\n<tr>\n<td>Neopentilglicol<\/td>\n<td>126-30-7<\/td>\n<td>Si<\/td>\n<\/tr>\n<tr>\n<td>Trimetilolpropano<\/td>\n<td>77-99-6<\/td>\n<td>Si<\/td>\n<\/tr>\n<tr>\n<td>UREA N46<\/td>\n<td>57-13-6 <\/td>\n<td>Si<\/td>\n<\/tr>\n<\/tbody>\n<\/table>\n<div class=\"info_mercat\">\n<div>\n<div class=\"info_mercat_text\">Per sol\u00b7licitar m\u00e9s informaci\u00f3, pots contactar amb nosaltres a trav\u00e9s del nostre formulari de contacte.<\/div>\n<div class=\"info_mercat_boto\"><a href=\"http:\/\/www.biltrec.com\/solicitar-informacion\/\">Sol\u00b7licitar informaci\u00f3<\/a><\/div>\n<p>&nbsp;<\/p>\n<\/div>\n<\/div>","protected":false},"excerpt":{"rendered":"<p>Productes Producte N\u00ba CAS Registro REACH Acido Benzoico 65-85-0 Si Aminas *En estudio AZPH \/ AAPH \/ AMPA &#8211; Azobis(2-metilpropionamidina) dihidrocloruro 2997-92-4 Si Polifosfato Am\u00f3nico 68333-79-9 Si Bisphenol-S (B) 80-09-1 *En estudio Dimetil Decil Amina 1120-24-7 Si Carbonato c\u00e1lcico Coloidal &hellip; <a href=\"https:\/\/www.biltrec.com\/ca\/curtidos-y-textil\/\">Continued<\/a><\/p>\n","protected":false},"author":1,"featured_media":0,"parent":0,"menu_order":0,"comment_status":"closed","ping_status":"closed","template":"page-fullwidth.php","meta":{"jetpack_post_was_ever_published":false,"footnotes":""},"class_list":["post-959","page","type-page","status-publish","hentry"],"jetpack_sharing_enabled":true,"jetpack_shortlink":"https:\/\/wp.me\/PanbbY-ft","_links":{"self":[{"href":"https:\/\/www.biltrec.com\/ca\/wp-json\/wp\/v2\/pages\/959","targetHints":{"allow":["GET"]}}],"collection":[{"href":"https:\/\/www.biltrec.com\/ca\/wp-json\/wp\/v2\/pages"}],"about":[{"href":"https:\/\/www.biltrec.com\/ca\/wp-json\/wp\/v2\/types\/page"}],"author":[{"embeddable":true,"href":"https:\/\/www.biltrec.com\/ca\/wp-json\/wp\/v2\/users\/1"}],"replies":[{"embeddable":true,"href":"https:\/\/www.biltrec.com\/ca\/wp-json\/wp\/v2\/comments?post=959"}],"version-history":[{"count":364,"href":"https:\/\/www.biltrec.com\/ca\/wp-json\/wp\/v2\/pages\/959\/revisions"}],"predecessor-version":[{"id":2791,"href":"https:\/\/www.biltrec.com\/ca\/wp-json\/wp\/v2\/pages\/959\/revisions\/2791"}],"wp:attachment":[{"href":"https:\/\/www.biltrec.com\/ca\/wp-json\/wp\/v2\/media?parent=959"}],"curies":[{"name":"wp","href":"https:\/\/api.w.org\/{rel}","templated":true}]}}