{"id":906,"date":"2018-10-08T10:25:14","date_gmt":"2018-10-08T10:25:14","guid":{"rendered":"http:\/\/www.biltrec.com\/?page_id=906"},"modified":"2026-02-25T15:01:47","modified_gmt":"2026-02-25T15:01:47","slug":"calidad","status":"publish","type":"page","link":"https:\/\/www.biltrec.com\/ca\/calidad\/","title":{"rendered":"Qualitat i LOPD"},"content":{"rendered":"<div id=\"pl-906\"  class=\"panel-layout\" ><div id=\"pg-906-0\"  class=\"panel-grid panel-has-style\" ><div class=\"panel-row-style panel-row-style-for-906-0\" ><div id=\"pgc-906-0-0\"  class=\"panel-grid-cell\" ><div id=\"panel-906-0-0-0\" class=\"widget_text so-panel widget widget_custom_html panel-first-child panel-last-child\" data-index=\"0\" ><div class=\"textwidget custom-html-widget\"><p class=\"titular\">BILTREC disposa de les \u00faltimes certificacions de qualitat atorgades per Bureau Veritas (ISO)<p><\/div><\/div><\/div><\/div><\/div><div id=\"pg-906-1\"  class=\"panel-grid panel-no-style\" ><div id=\"pgc-906-1-0\"  class=\"panel-grid-cell\" ><div id=\"panel-906-1-0-0\" class=\"widget_text so-panel widget widget_custom_html panel-first-child panel-last-child\" data-index=\"1\" ><div class=\"textwidget custom-html-widget\"><div style=\"text-align:center\">\n\t\t<div class=\"calidad\">\n\t\t\t<div><img decoding=\"async\" src=\"http:\/\/www.biltrec.com\/wp-content\/uploads\/c_ISO.svg\"><\/div>\n\t\t\t<a href=\"\/wp-content\/uploads\/2026\/02\/10046791-BUP-GRUPO-BILTREC-ESPANOL.pdf\" target=\"_blank\"><span style=\"font-weight: 400\">Descarregar PDF<\/span><\/a>\n\t\t<\/div>\n\t<\/div><\/div><\/div><\/div><div id=\"pgc-906-1-1\"  class=\"panel-grid-cell panel-grid-cell-mobile-last\" ><div id=\"panel-906-1-1-0\" class=\"widget_text so-panel widget widget_custom_html panel-first-child panel-last-child\" data-index=\"2\" ><div class=\"textwidget custom-html-widget\"><div style=\"text-align:center\">\n\t\t<div class=\"calidad\">\n\t\t\t<div><img decoding=\"async\" style=\"padding:10px\"  src=\"http:\/\/www.biltrec.com\/wp-content\/uploads\/c_biltrec_ca.svg\"><\/div>\n\t\t\t<a href=\"http:\/\/www.biltrec.com\/politica-de-calidad-biltrec\/\"><span style=\"font-weight: 400\">Llegir<\/span><\/a>\n\t\t<\/div>\n\t<\/div><\/div><\/div><\/div><div id=\"pgc-906-1-2\"  class=\"panel-grid-cell panel-grid-cell-empty\" ><\/div><\/div><div id=\"pg-906-2\"  class=\"panel-grid panel-no-style\" ><div id=\"pgc-906-2-0\"  class=\"panel-grid-cell\" ><div id=\"panel-906-2-0-0\" class=\"so-panel widget widget_text panel-first-child panel-last-child\" data-index=\"3\" >\t\t\t<div class=\"textwidget\"><p><strong>Controls de qualitat \/ Laboratoris:<\/strong><\/p>\n<p><span lang=\"CA\">BILTREC disposa d&#8217;acords amb laboratoris de control de qualitat externs, tant a nivell nacional com internacional, que permeten assegurar i confirmar la qualitat dels nostres productes en tot moment, podent controlar la puresa, contingut en aigua, tamany de part\u00edcula d\u2019entre altres par\u00e0metres. Aix\u00ed mateix aquests laboratoris compten amb equips de cromatografia de gasos i l\u00edquids, Karl Fisher, trituradors autom\u00e0tics i zones per a control microbiol\u00f2gic entre d\u2019altres tipus d&#8217;equipament.<\/span><\/p>\n<p><span lang=\"CA\">Tots els productes envasats per BILTREC s\u00f3n revisats per assegurar els m\u00e9s alts est\u00e0ndards de qualitat.<\/span><\/p>\n<p><span lang=\"CA\">Un sistema integrat permet disposar de tota la informaci\u00f3 de qualitat de forma integrada i accessible per a poder controlar i tra\u00e7ar els nombrosos controls aleatoris que es realitzen tant en origen com a l&#8217;arribada de producte.<\/span><\/p>\n<p>&nbsp;<\/p>\n<p><strong>Regulaci\u00f3n REACH:<\/strong><\/p>\n<p>BILTREC disposa d&#8217;un equip especialment format en normativa REACH que gestiona i controla que tots els productes importats compleixin amb aquesta normativa.<\/p>\n<p>Les fitxes de seguretat actualitzades de tots els productes estan disponibles en m\u00faltiples idiomes sota demanda.<\/p>\n<p>Desde BILTREC garantim un seguiment continu de la implantaci\u00f2 de qualsevol futura normativa que des de la UE es pugui establir a nivell de Seguretat, Medi Ambient, Transport i Etiquetatge dels envasos dels Productes.<\/p>\n<\/div>\n\t\t<\/div><\/div><\/div><\/div>","protected":false},"excerpt":{"rendered":"<p>BILTREC disposa de les \u00faltimes certificacions de qualitat atorgades per Bureau Veritas (ISO) Descarregar PDF Llegir Controls de qualitat \/ Laboratoris: BILTREC disposa d&#8217;acords amb laboratoris de control de qualitat externs, tant a nivell nacional com internacional, que permeten assegurar &hellip; <a href=\"https:\/\/www.biltrec.com\/ca\/calidad\/\">Continued<\/a><\/p>\n","protected":false},"author":1,"featured_media":0,"parent":0,"menu_order":0,"comment_status":"closed","ping_status":"closed","template":"page-fullwidth.php","meta":{"jetpack_post_was_ever_published":false,"footnotes":""},"class_list":["post-906","page","type-page","status-publish","hentry"],"jetpack_sharing_enabled":true,"jetpack_shortlink":"https:\/\/wp.me\/PanbbY-eC","_links":{"self":[{"href":"https:\/\/www.biltrec.com\/ca\/wp-json\/wp\/v2\/pages\/906","targetHints":{"allow":["GET"]}}],"collection":[{"href":"https:\/\/www.biltrec.com\/ca\/wp-json\/wp\/v2\/pages"}],"about":[{"href":"https:\/\/www.biltrec.com\/ca\/wp-json\/wp\/v2\/types\/page"}],"author":[{"embeddable":true,"href":"https:\/\/www.biltrec.com\/ca\/wp-json\/wp\/v2\/users\/1"}],"replies":[{"embeddable":true,"href":"https:\/\/www.biltrec.com\/ca\/wp-json\/wp\/v2\/comments?post=906"}],"version-history":[{"count":81,"href":"https:\/\/www.biltrec.com\/ca\/wp-json\/wp\/v2\/pages\/906\/revisions"}],"predecessor-version":[{"id":2861,"href":"https:\/\/www.biltrec.com\/ca\/wp-json\/wp\/v2\/pages\/906\/revisions\/2861"}],"wp:attachment":[{"href":"https:\/\/www.biltrec.com\/ca\/wp-json\/wp\/v2\/media?parent=906"}],"curies":[{"name":"wp","href":"https:\/\/api.w.org\/{rel}","templated":true}]}}