{"id":904,"date":"2018-10-08T10:25:06","date_gmt":"2018-10-08T10:25:06","guid":{"rendered":"http:\/\/www.biltrec.com\/?page_id=904"},"modified":"2025-06-11T11:22:10","modified_gmt":"2025-06-11T11:22:10","slug":"servicios","status":"publish","type":"page","link":"https:\/\/www.biltrec.com\/ca\/servicios\/","title":{"rendered":"Serveis"},"content":{"rendered":"<div id=\"pl-904\"  class=\"panel-layout\" ><div id=\"pg-904-0\"  class=\"panel-grid panel-no-style\" ><div id=\"pgc-904-0-0\"  class=\"panel-grid-cell\" ><div id=\"panel-904-0-0-0\" class=\"widget_text so-panel widget widget_custom_html panel-first-child panel-last-child\" data-index=\"0\" ><div class=\"textwidget custom-html-widget\"><div style=\"text-align:center\">\n\t\t<div class=\"serveis\">\n\t\t\t<div><img decoding=\"async\" src=\"http:\/\/www.biltrec.com\/wp-content\/uploads\/s_almacenaje.svg\"><\/div>\n\t\t\t<span style=\"font-weight: 400\">Magatzems<\/span>\n\t\t<\/div>\n\t<\/div><\/div><\/div><\/div><div id=\"pgc-904-0-1\"  class=\"panel-grid-cell\" ><div id=\"panel-904-0-1-0\" class=\"so-panel widget widget_text panel-first-child panel-last-child\" data-index=\"1\" >\t\t\t<div class=\"textwidget\"><p>BILTREC disposa d\u2019acords amb operadors log\u00edstics especialitzats en l\u2019emmagatzematge, tractament i manipulaci\u00f3 de productes qu\u00edmics tant a nivell estatal com a seus portu\u00e0ries per donar un servei r\u00e0pid i eficient tant amb les importacions con amb les exportacions realitzades.<\/p>\n<p>Tots els magatzems estan gestionats inform\u00e0ticament el que permet un control d\u2019inventari, lots i estocs eficient i real en tot moment.<\/p>\n<p>Tanmateix, tots els magatzems compleixen amb la normativa APQ que els hi correspon per a l\u2019emmagatzematge amb total seguretat dels productes qu\u00edmics que treballem i, per seguretat, tots els magatzems es troben localitzats a zones industrials allunyades dels nuclis urbans.<\/p>\n<\/div>\n\t\t<\/div><\/div><\/div><div id=\"pg-904-1\"  class=\"panel-grid panel-has-style\" ><div class=\"panel-row-style panel-row-style-for-904-1\" ><div id=\"pgc-904-1-0\"  class=\"panel-grid-cell panel-grid-cell-empty\" ><\/div><\/div><\/div><div id=\"pg-904-2\"  class=\"panel-grid panel-no-style\" ><div id=\"pgc-904-2-0\"  class=\"panel-grid-cell\" ><div id=\"panel-904-2-0-0\" class=\"widget_text so-panel widget widget_custom_html panel-first-child panel-last-child\" data-index=\"2\" ><div class=\"textwidget custom-html-widget\"><div style=\"text-align:center\">\n\t\t<div class=\"serveis\">\n\t\t\t<div><img decoding=\"async\" src=\"http:\/\/www.biltrec.com\/wp-content\/uploads\/s_logistica.svg\"><\/div>\n\t\t\t<span style=\"font-weight: 400\">Log\u00edstica <br>i transport<\/span>\n\t\t<\/div>\n\t<\/div><\/div><\/div><\/div><div id=\"pgc-904-2-1\"  class=\"panel-grid-cell\" ><div id=\"panel-904-2-1-0\" class=\"so-panel widget widget_text panel-first-child panel-last-child\" data-index=\"3\" >\t\t\t<div class=\"textwidget\"><p>Des de l\u2019enviament de contenidors mar\u00edtims o camions terrestres fins a paqueteria via a\u00e8ria, tots els professionals involucrats sempre cerquen les millors solucions log\u00edstiques per assolir el repte d\u2019oferir el millor servei al preu m\u00e9s competitiu.<\/p>\n<p>Un equip d\u2019experts en transport internacional juntament amb estrets acords amb transitaris mar\u00edtims, empreses locals i grups internacionals de distribuci\u00f3 log\u00edstica fan possibles les operatives m\u00e9s complexes: Des de Controls de qualitat a origen, tr\u00e0mits aduaners, gesti\u00f3 d\u2019incoterms i cr\u00e8dits documentals fins a assegurances mar\u00edtimes, impostos especials i exempcions aduanaries.<\/p>\n<\/div>\n\t\t<\/div><\/div><\/div><div id=\"pg-904-3\"  class=\"panel-grid panel-has-style\" ><div class=\"panel-row-style panel-row-style-for-904-3\" ><div id=\"pgc-904-3-0\"  class=\"panel-grid-cell panel-grid-cell-empty\" ><\/div><\/div><\/div><div id=\"pg-904-4\"  class=\"panel-grid panel-no-style\" ><div id=\"pgc-904-4-0\"  class=\"panel-grid-cell\" ><div id=\"panel-904-4-0-0\" class=\"widget_text so-panel widget widget_custom_html panel-first-child panel-last-child\" data-index=\"4\" ><div class=\"textwidget custom-html-widget\"><div style=\"text-align:center\">\n\t\t<div class=\"serveis\">\n\t\t\t<div><img decoding=\"async\" src=\"http:\/\/www.biltrec.com\/wp-content\/uploads\/s_envasados.svg\"><\/div>\n\t\t\t<span style=\"font-weight: 400\">Envasats <br>i fabricacions<\/span>\n\t\t<\/div>\n\t<\/div><\/div><\/div><\/div><div id=\"pgc-904-4-1\"  class=\"panel-grid-cell\" ><div id=\"panel-904-4-1-0\" class=\"so-panel widget widget_text panel-first-child panel-last-child\" data-index=\"5\" >\t\t\t<div class=\"textwidget\"><p>BILTREC pot adaptar quasi be tots els envasos rebuts al format desitjat pels nostres clients gr\u00e0cies a l\u2019\u00faltima tecnologia implantada a planta oferint BigBags de1tn, Sacs de 25Kg, Sacs de 15Kg, Garrafes, Bidons, IBCs i cisternes.<\/p>\n<p>L\u2019envasat es realitza seguint les instruccions dels nostres clients durant tot el proc\u00e9s, utilitzant els seus propis materials d\u2019embalatge o aportant noves alternatives de packaging: bosses al.luminitzades, pl\u00e0stiques, hidrosolubles, etc&#8230;<\/p>\n<p>BILTREC disposa de molins per tal d\u2019oferir serveis de mescles de s\u00f2lids, desaterrossament de productes qu\u00edmics, dilucions de s\u00f2lids en l\u00edquids i molturacions de s\u00f2lids fins a tamanys de fins a 15\u00b5.<\/p>\n<p>L\u2019empresa col\u00b7labora amb laboratoris externs pel control de la qualitat dels processos de formulaci\u00f3: an\u00e0lisis granulom\u00e8trics, humitat i suspensibilitat de pols mullables, etc.<\/p>\n<p>En el nostre laboratori\u00a0disposem\u00a0 de maquinaria a petita escala pel desenvolupament de noves formulacions.<\/p>\n<\/div>\n\t\t<\/div><\/div><\/div><div id=\"pg-904-5\"  class=\"panel-grid panel-has-style\" ><div class=\"panel-row-style panel-row-style-for-904-5\" ><div id=\"pgc-904-5-0\"  class=\"panel-grid-cell panel-grid-cell-empty\" ><\/div><\/div><\/div><div id=\"pg-904-6\"  class=\"panel-grid panel-no-style\" ><div id=\"pgc-904-6-0\"  class=\"panel-grid-cell\" ><div id=\"panel-904-6-0-0\" class=\"widget_text so-panel widget widget_custom_html panel-first-child panel-last-child\" data-index=\"6\" ><div class=\"textwidget custom-html-widget\"><div style=\"text-align:center\">\n\t\t<div class=\"serveis\">\n\t\t\t<div><img decoding=\"async\" src=\"http:\/\/www.biltrec.com\/wp-content\/uploads\/s_outsourcing.svg\"><\/div>\n\t\t\t<span style=\"font-weight: 400\">Outsourcing <br>Central de compres<\/span>\n\t\t<\/div>\n\t<\/div><\/div><\/div><\/div><div id=\"pgc-904-6-1\"  class=\"panel-grid-cell\" ><div id=\"panel-904-6-1-0\" class=\"so-panel widget widget_text panel-first-child panel-last-child\" data-index=\"7\" >\t\t\t<div class=\"textwidget\"><p>BILTREC tamb\u00e9 ofereix serveis d\u2019outsourcing o gesti\u00f3 integral de compres a tercers que poguessin necessitar-ho.<\/p>\n<\/div>\n\t\t<\/div><\/div><\/div><\/div>","protected":false},"excerpt":{"rendered":"<p>BILTREC disposa d\u2019acords amb operadors log\u00edstics especialitzats en l\u2019emmagatzematge, tractament i manipulaci\u00f3 de productes qu\u00edmics tant a nivell estatal com a seus portu\u00e0ries per donar un servei r\u00e0pid i eficient tant amb les importacions con amb les exportacions realitzades. Tots &hellip; <a href=\"https:\/\/www.biltrec.com\/ca\/servicios\/\">Continued<\/a><\/p>\n","protected":false},"author":1,"featured_media":0,"parent":0,"menu_order":0,"comment_status":"closed","ping_status":"closed","template":"page-fullwidth.php","meta":{"jetpack_post_was_ever_published":false,"footnotes":""},"class_list":["post-904","page","type-page","status-publish","hentry"],"jetpack_sharing_enabled":true,"jetpack_shortlink":"https:\/\/wp.me\/PanbbY-eA","_links":{"self":[{"href":"https:\/\/www.biltrec.com\/ca\/wp-json\/wp\/v2\/pages\/904","targetHints":{"allow":["GET"]}}],"collection":[{"href":"https:\/\/www.biltrec.com\/ca\/wp-json\/wp\/v2\/pages"}],"about":[{"href":"https:\/\/www.biltrec.com\/ca\/wp-json\/wp\/v2\/types\/page"}],"author":[{"embeddable":true,"href":"https:\/\/www.biltrec.com\/ca\/wp-json\/wp\/v2\/users\/1"}],"replies":[{"embeddable":true,"href":"https:\/\/www.biltrec.com\/ca\/wp-json\/wp\/v2\/comments?post=904"}],"version-history":[{"count":47,"href":"https:\/\/www.biltrec.com\/ca\/wp-json\/wp\/v2\/pages\/904\/revisions"}],"predecessor-version":[{"id":2807,"href":"https:\/\/www.biltrec.com\/ca\/wp-json\/wp\/v2\/pages\/904\/revisions\/2807"}],"wp:attachment":[{"href":"https:\/\/www.biltrec.com\/ca\/wp-json\/wp\/v2\/media?parent=904"}],"curies":[{"name":"wp","href":"https:\/\/api.w.org\/{rel}","templated":true}]}}