{"id":902,"date":"2018-10-08T10:24:57","date_gmt":"2018-10-08T10:24:57","guid":{"rendered":"http:\/\/www.biltrec.com\/?page_id=902"},"modified":"2025-06-11T11:25:47","modified_gmt":"2025-06-11T11:25:47","slug":"mercados","status":"publish","type":"page","link":"https:\/\/www.biltrec.com\/ca\/mercados\/","title":{"rendered":"Mercats"},"content":{"rendered":"<div id=\"pl-902\"  class=\"panel-layout\" ><div id=\"pg-902-0\"  class=\"panel-grid panel-no-style\" ><div id=\"pgc-902-0-0\"  class=\"panel-grid-cell\" ><div id=\"panel-902-0-0-0\" class=\"widget_text so-panel widget widget_custom_html panel-first-child panel-last-child\" data-index=\"0\" ><div class=\"textwidget custom-html-widget\"><a href=\"http:\/\/www.biltrec.com\/curtidos-y-textil\/\">\n\t<div class=\"background_mercat\" style=\"background-image: url(http:\/\/www.biltrec.com\/wp-content\/uploads\/2018\/10\/img3_curtits.jpg)\">\n\t\t<div class=\"trans_mercat\">\n\t\t\t<h2 class=\"h4\">Curtits <br>i t\u00e8xtil<\/h2>\n\t\t<\/div>\n\t<\/div>\n<\/a><\/div><\/div><\/div><div id=\"pgc-902-0-1\"  class=\"panel-grid-cell\" ><div id=\"panel-902-0-1-0\" class=\"widget_text so-panel widget widget_custom_html panel-first-child panel-last-child\" data-index=\"1\" ><div class=\"textwidget custom-html-widget\"><a href=\"http:\/\/www.biltrec.com\/aceites-lubricantes-y-grasas\/\">\n\t<div class=\"background_mercat\" style=\"background-image: url(http:\/\/www.biltrec.com\/wp-content\/uploads\/2018\/10\/img3_olis.jpg)\">\n\t\t<div class=\"trans_mercat\">\n\t\t\t<h2 class=\"h4\">Olis, lubricants <br>i greixos<\/h2>\n\t\t<\/div>\n\t<\/div>\n<\/a><\/div><\/div><\/div><\/div><div id=\"pg-902-1\"  class=\"panel-grid panel-no-style\" ><div id=\"pgc-902-1-0\"  class=\"panel-grid-cell\" ><div id=\"panel-902-1-0-0\" class=\"widget_text so-panel widget widget_custom_html panel-first-child panel-last-child\" data-index=\"2\" ><div class=\"textwidget custom-html-widget\"><a href=\"http:\/\/www.biltrec.com\/resinas-plastisoles-y-emulsiones\/\">\n\t<div class=\"background_mercat\" style=\"background-image: url(http:\/\/www.biltrec.com\/wp-content\/uploads\/2018\/10\/img3_resines.jpg)\">\n\t\t<div class=\"trans_mercat\">\n\t\t\t<h2 class=\"h4\">Resines, plastisols<br> i emulsions<\/h2>\n\t\t<\/div>\n\t<\/div>\n<\/a><\/div><\/div><\/div><div id=\"pgc-902-1-1\"  class=\"panel-grid-cell\" ><div id=\"panel-902-1-1-0\" class=\"widget_text so-panel widget widget_custom_html panel-first-child panel-last-child\" data-index=\"3\" ><div class=\"textwidget custom-html-widget\"><a href=\"http:\/\/www.biltrec.com\/plasticos-y-tintas\/\">\n\t<div class=\"background_mercat\" style=\"background-image: url(http:\/\/www.biltrec.com\/wp-content\/uploads\/2018\/10\/img3_plastics.jpg)\">\n\t\t<div class=\"trans_mercat\">\n\t\t\t\t<h2 class=\"h4\">Pl\u00e0stics i tintes<br> d'impressi\u00f2<\/h2>\n\t\t<\/div>\n\t<\/div>\n<\/a><\/div><\/div><\/div><\/div><div id=\"pg-902-2\"  class=\"panel-grid panel-no-style\" ><div id=\"pgc-902-2-0\"  class=\"panel-grid-cell\" ><div id=\"panel-902-2-0-0\" class=\"widget_text so-panel widget widget_custom_html panel-first-child panel-last-child\" data-index=\"4\" ><div class=\"textwidget custom-html-widget\"><a href=\"http:\/\/www.biltrec.com\/caucho\/\">\n\t<div class=\"background_mercat\" style=\"background-image: url(http:\/\/www.biltrec.com\/wp-content\/uploads\/2018\/10\/img3_cautxu.jpg)\">\n\t\t<div class=\"trans_mercat\">\n\t\t\t<h2 class=\"h4\">Cautxu<br><br><\/h2>\n\t\t<\/div>\n\t<\/div>\n<\/a><\/div><\/div><\/div><div id=\"pgc-902-2-1\"  class=\"panel-grid-cell\" ><div id=\"panel-902-2-1-0\" class=\"widget_text so-panel widget widget_custom_html panel-first-child panel-last-child\" data-index=\"5\" ><div class=\"textwidget custom-html-widget\"><a href=\"http:\/\/www.biltrec.com\/adhesivos-pegamentos-y-sellantes\/\">\n\t<div class=\"background_mercat\" style=\"background-image: url(http:\/\/www.biltrec.com\/wp-content\/uploads\/2018\/10\/img3_adhesius.jpg)\">\n\t\t<div class=\"trans_mercat\">\n\t\t\t<h2 class=\"h4\">Adhesius, coles<br> i sellants<\/h2>\n\t\t<\/div>\n\t<\/div>\n<\/a><\/div><\/div><\/div><\/div><div id=\"pg-902-3\"  class=\"panel-grid panel-no-style\" ><div id=\"pgc-902-3-0\"  class=\"panel-grid-cell\" ><div id=\"panel-902-3-0-0\" class=\"widget_text so-panel widget widget_custom_html panel-first-child panel-last-child\" data-index=\"6\" ><div class=\"textwidget custom-html-widget\"><a href=\"http:\/\/www.biltrec.com\/pinturas-y-recubrimientos\/\">\n\t<div class=\"background_mercat\" style=\"background-image: url(http:\/\/www.biltrec.com\/wp-content\/uploads\/2018\/10\/img3_pintures.jpg)\">\n\t\t<div class=\"trans_mercat\">\n\t\t\t<h2 class=\"h4\">Pintures<br> i recobriments<\/h2>\n\t\t<\/div>\n\t<\/div>\n<\/a><\/div><\/div><\/div><div id=\"pgc-902-3-1\"  class=\"panel-grid-cell\" ><div id=\"panel-902-3-1-0\" class=\"widget_text so-panel widget widget_custom_html panel-first-child panel-last-child\" data-index=\"7\" ><div class=\"textwidget custom-html-widget\"><a href=\"http:\/\/www.biltrec.com\/lacas-y-barnices\/\">\n\t<div class=\"background_mercat\" style=\"background-image: url(http:\/\/www.biltrec.com\/wp-content\/uploads\/2018\/10\/img3_laques.jpg)\">\n\t\t<div class=\"trans_mercat\">\n\t\t\t<h2 class=\"h4\">Laques<br> i vernissos<\/h2>\n\t\t<\/div>\n\t<\/div>\n<\/a><\/div><\/div><\/div><\/div><div id=\"pg-902-4\"  class=\"panel-grid panel-no-style\" ><div id=\"pgc-902-4-0\"  class=\"panel-grid-cell\" ><div id=\"panel-902-4-0-0\" class=\"widget_text so-panel widget widget_custom_html panel-first-child panel-last-child\" data-index=\"8\" ><div class=\"textwidget custom-html-widget\"><a href=\"http:\/\/www.biltrec.com\/farmacia-intermedios-y-veterinaria\/\">\n\t<div class=\"background_mercat\" style=\"background-image: url(http:\/\/www.biltrec.com\/wp-content\/uploads\/2018\/10\/img3_farmacia.jpg)\">\n\t\t<div class=\"trans_mercat\">\n\t\t\t<h2 class=\"h4\">Farm\u00e0cia, intermitjos<br> i veterinaria<\/h2>\n\t\t<\/div>\n\t<\/div>\n<\/a><\/div><\/div><\/div><div id=\"pgc-902-4-1\"  class=\"panel-grid-cell\" ><div id=\"panel-902-4-1-0\" class=\"widget_text so-panel widget widget_custom_html panel-first-child panel-last-child\" data-index=\"9\" ><div class=\"textwidget custom-html-widget\"><a href=\"http:\/\/www.biltrec.com\/detergencia-esteres-y-cosmeticos\/\">\n\t<div class=\"background_mercat\" style=\"background-image: url(http:\/\/www.biltrec.com\/wp-content\/uploads\/2018\/10\/img3_detergencia.jpg)\">\n\t\t<div class=\"trans_mercat\">\n\t\t\t<h2 class=\"h4\">Deterg\u00e8ncia, esters<br> i cosm\u00e8tics<\/h2>\n\t\t<\/div>\n\t<\/div>\n<\/a><\/div><\/div><\/div><\/div><div id=\"pg-902-5\"  class=\"panel-grid panel-no-style\" ><div id=\"pgc-902-5-0\"  class=\"panel-grid-cell\" ><div id=\"panel-902-5-0-0\" class=\"widget_text so-panel widget widget_custom_html panel-first-child panel-last-child\" data-index=\"10\" ><div class=\"textwidget custom-html-widget\"><a href=\"\/ca\/fertilizantes\">\n\t<div class=\"background_mercat\" style=\"background-image: url(\/wp-content\/uploads\/2023\/06\/af-nou-mercat-fertilitzants-biltrec.jpg)\">\n\t\t<div class=\"trans_mercat\">\n\t\t\t<h2 class=\"h4\">Fertilitzants<br\/>&nbsp;<\/h2>\n\t\t<\/div>\n\t<\/div>\n<\/a><\/div><\/div><\/div><div id=\"pgc-902-5-1\"  class=\"panel-grid-cell\" ><div id=\"panel-902-5-1-0\" class=\"widget_text so-panel widget widget_custom_html panel-first-child panel-last-child\" data-index=\"11\" ><div class=\"textwidget custom-html-widget\"><a href=\"\/ca\/papel-y-laminados\">\n\t<div class=\"background_mercat\" style=\"background-image: url(\/wp-content\/uploads\/2024\/12\/imatge-papers-i-laminats-biltrec.jpg)\">\n\t\t<div class=\"trans_mercat\">\n\t\t\t<h2 class=\"h4\">Paper i Laminats<br\/>&nbsp;<\/h2>\n\t\t<\/div>\n\t<\/div>\n<\/a><\/div><\/div><\/div><\/div><\/div>","protected":false},"excerpt":{"rendered":"<p>Curtits i t\u00e8xtil Olis, lubricants i greixos Resines, plastisols i emulsions Pl\u00e0stics i tintes d&#8217;impressi\u00f2 Cautxu Adhesius, coles i sellants Pintures i recobriments Laques i vernissos Farm\u00e0cia, intermitjos i veterinaria Deterg\u00e8ncia, esters i cosm\u00e8tics Fertilitzants&nbsp; Paper i Laminats&nbsp;<\/p>\n","protected":false},"author":1,"featured_media":0,"parent":0,"menu_order":0,"comment_status":"closed","ping_status":"closed","template":"page-fullwidth.php","meta":{"jetpack_post_was_ever_published":false,"footnotes":""},"class_list":["post-902","page","type-page","status-publish","hentry"],"jetpack_sharing_enabled":true,"jetpack_shortlink":"https:\/\/wp.me\/PanbbY-ey","_links":{"self":[{"href":"https:\/\/www.biltrec.com\/ca\/wp-json\/wp\/v2\/pages\/902","targetHints":{"allow":["GET"]}}],"collection":[{"href":"https:\/\/www.biltrec.com\/ca\/wp-json\/wp\/v2\/pages"}],"about":[{"href":"https:\/\/www.biltrec.com\/ca\/wp-json\/wp\/v2\/types\/page"}],"author":[{"embeddable":true,"href":"https:\/\/www.biltrec.com\/ca\/wp-json\/wp\/v2\/users\/1"}],"replies":[{"embeddable":true,"href":"https:\/\/www.biltrec.com\/ca\/wp-json\/wp\/v2\/comments?post=902"}],"version-history":[{"count":45,"href":"https:\/\/www.biltrec.com\/ca\/wp-json\/wp\/v2\/pages\/902\/revisions"}],"predecessor-version":[{"id":2773,"href":"https:\/\/www.biltrec.com\/ca\/wp-json\/wp\/v2\/pages\/902\/revisions\/2773"}],"wp:attachment":[{"href":"https:\/\/www.biltrec.com\/ca\/wp-json\/wp\/v2\/media?parent=902"}],"curies":[{"name":"wp","href":"https:\/\/api.w.org\/{rel}","templated":true}]}}