{"id":893,"date":"2018-10-08T10:22:26","date_gmt":"2018-10-08T10:22:26","guid":{"rendered":"http:\/\/www.biltrec.com\/?page_id=893"},"modified":"2025-06-11T11:20:57","modified_gmt":"2025-06-11T11:20:57","slug":"quienes-somos","status":"publish","type":"page","link":"https:\/\/www.biltrec.com\/ca\/quienes-somos\/","title":{"rendered":"Qui som"},"content":{"rendered":"<p>BILTREC S.A. \u00e9s una Companyia de Comer\u00e7 de Productes Qu\u00edmics establerta a Sant Adri\u00e0 de Bes\u00f2s, Barcelona (Espanya) des de 1991.<\/p>\n<p>La nostra activitat \u00e9s la d&#8217;<strong><em>Export-Import<\/em><\/strong> i els nostres mercats principals es situen a la UE, \u00c0sia i \u00c0frica.<\/p>\n<p>La Companyia opera sota <strong>contractes d&#8217;exclusivitat amb prove\u00efdors altament qualificats<\/strong>, el que ens permet oferir als nostres clients productes de gran qualitat i amb els majors requisits t\u00e8cnics.<\/p>\n<p>Dins el sector de la distribuci\u00f3 de productes qu\u00edmics, BILTREC S.A. disposa de la <strong>certificaci\u00f3 de Qualitat ISO 9001<\/strong> que acredita a la Companyia en base als est\u00e0ndards de gesti\u00f3 m\u00e9s exigents.<\/p>\n<p>Tots els nostres productes estan subjectes a una cooperaci\u00f3 amb els nostres clients i prove\u00efdors quant al seu preu, subministrament i env\u00e0s. A BILTREC sempre este oberts a escoltar per tal d\u2019encarrilar qualsevol tipus de negociaci\u00f3 i satisfer l&#8217;inter\u00e8s dels nostres prove\u00efdors i clients per\u00f2, sobretot, per millorar el nostre servei.<\/p>\n<p>El nostre departament comercial ofereix, alternativament als nostres productes habituals, qualsevol producte qu\u00edmic que pugui interessar als nostres clients col\u00b7laborant en la seva recerca el m\u00e9s r\u00e0pidament possible.<\/p>\n<p>&nbsp;<\/p>\n<p><span class=\"titular\">Exportem, a petici\u00f3 dels nostres clients,<br \/> a qualsevol rac\u00f3 del m\u00f3n.<span><br \/>\n&nbsp;<br \/>\n<img decoding=\"async\" src=\"http:\/\/www.biltrec.com\/wp-content\/uploads\/2018\/10\/mapa.png\"\/><\/p>\n<p>BILTREC col\u00b7labora amb grans fabricants del mercat asi\u00e0tic i europeu per oferir als nostres clients productes de gran qualitat amb els millors preus possibles.<\/p>\n<p>Tamb\u00e9 realitzem exportaci\u00f3 de productes a qualsevol pa\u00eds que sol\u00b7licitin els nostres clients.<\/p>\n<p>&nbsp;<br \/>\n&nbsp;","protected":false},"excerpt":{"rendered":"<p>BILTREC S.A. \u00e9s una Companyia de Comer\u00e7 de Productes Qu\u00edmics establerta a Sant Adri\u00e0 de Bes\u00f2s, Barcelona (Espanya) des de 1991. La nostra activitat \u00e9s la d&#8217;Export-Import i els nostres mercats principals es situen a la UE, \u00c0sia i \u00c0frica. &hellip; <a href=\"https:\/\/www.biltrec.com\/ca\/quienes-somos\/\">Continued<\/a><\/p>\n","protected":false},"author":1,"featured_media":0,"parent":0,"menu_order":0,"comment_status":"closed","ping_status":"closed","template":"page-fullwidth.php","meta":{"jetpack_post_was_ever_published":false,"footnotes":""},"class_list":["post-893","page","type-page","status-publish","hentry"],"jetpack_sharing_enabled":true,"jetpack_shortlink":"https:\/\/wp.me\/PanbbY-ep","_links":{"self":[{"href":"https:\/\/www.biltrec.com\/ca\/wp-json\/wp\/v2\/pages\/893","targetHints":{"allow":["GET"]}}],"collection":[{"href":"https:\/\/www.biltrec.com\/ca\/wp-json\/wp\/v2\/pages"}],"about":[{"href":"https:\/\/www.biltrec.com\/ca\/wp-json\/wp\/v2\/types\/page"}],"author":[{"embeddable":true,"href":"https:\/\/www.biltrec.com\/ca\/wp-json\/wp\/v2\/users\/1"}],"replies":[{"embeddable":true,"href":"https:\/\/www.biltrec.com\/ca\/wp-json\/wp\/v2\/comments?post=893"}],"version-history":[{"count":35,"href":"https:\/\/www.biltrec.com\/ca\/wp-json\/wp\/v2\/pages\/893\/revisions"}],"predecessor-version":[{"id":2236,"href":"https:\/\/www.biltrec.com\/ca\/wp-json\/wp\/v2\/pages\/893\/revisions\/2236"}],"wp:attachment":[{"href":"https:\/\/www.biltrec.com\/ca\/wp-json\/wp\/v2\/media?parent=893"}],"curies":[{"name":"wp","href":"https:\/\/api.w.org\/{rel}","templated":true}]}}