{"id":821,"date":"2013-07-26T21:27:43","date_gmt":"2013-07-26T21:27:43","guid":{"rendered":"http:\/\/themes.kadencethemes.com\/virtue\/?page_id=22"},"modified":"2025-06-11T11:17:28","modified_gmt":"2025-06-11T11:17:28","slug":"home","status":"publish","type":"page","link":"https:\/\/www.biltrec.com\/ca\/","title":{"rendered":"Inici"},"content":{"rendered":"<div id=\"pl-821\"  class=\"panel-layout\" ><div id=\"pg-821-0\"  class=\"panel-grid panel-no-style\" ><div id=\"pgc-821-0-0\"  class=\"panel-grid-cell\" ><div id=\"panel-821-0-0-0\" class=\"widget_text so-panel widget widget_custom_html panel-first-child panel-last-child\" data-index=\"0\" ><div class=\"textwidget custom-html-widget\"><a href=\"http:\/\/www.biltrec.com\/curtidos-y-textil\/\">\n\t<div class=\"background_mercat\" style=\"background-image: url(http:\/\/www.biltrec.com\/wp-content\/uploads\/2018\/10\/img3_curtits.jpg)\">\n\t\t<div class=\"trans_mercat\">\n\t\t\t<span class=\"h4\">Curtits <br>i t\u00e8xtil<\/span>\n\t\t<\/div>\n\t<\/div>\n<\/a><\/div><\/div><\/div><div id=\"pgc-821-0-1\"  class=\"panel-grid-cell\" ><div id=\"panel-821-0-1-0\" class=\"widget_text so-panel widget widget_custom_html panel-first-child panel-last-child\" data-index=\"1\" ><div class=\"textwidget custom-html-widget\"><a href=\"http:\/\/www.biltrec.com\/aceites-lubricantes-y-grasas\/\">\n\t<div class=\"background_mercat\" style=\"background-image: url(http:\/\/www.biltrec.com\/wp-content\/uploads\/2018\/10\/img3_olis.jpg)\">\n\t\t<div class=\"trans_mercat\">\n\t\t\t<span class=\"h4\">Olis, lubricants <br>i greixos<\/span>\n\t\t<\/div>\n\t<\/div>\n<\/a><\/div><\/div><\/div><div id=\"pgc-821-0-2\"  class=\"panel-grid-cell\" ><div id=\"panel-821-0-2-0\" class=\"widget_text so-panel widget widget_custom_html panel-first-child panel-last-child\" data-index=\"2\" ><div class=\"textwidget custom-html-widget\"><a href=\"http:\/\/www.biltrec.com\/resinas-plastisoles-y-emulsiones\/\">\n\t<div class=\"background_mercat\" style=\"background-image: url(http:\/\/www.biltrec.com\/wp-content\/uploads\/2018\/10\/img3_resines.jpg)\">\n\t\t<div class=\"trans_mercat\">\n\t\t\t<span class=\"h4\">Resines, plastisols<br> i emulsions<\/span>\n\t\t<\/div>\n\t<\/div>\n<\/a><\/div><\/div><\/div><div id=\"pgc-821-0-3\"  class=\"panel-grid-cell\" ><div id=\"panel-821-0-3-0\" class=\"widget_text so-panel widget widget_custom_html panel-first-child panel-last-child\" data-index=\"3\" ><div class=\"textwidget custom-html-widget\"><a href=\"http:\/\/www.biltrec.com\/plasticos-y-tintas\/\">\n\t<div class=\"background_mercat\" style=\"background-image: url(http:\/\/www.biltrec.com\/wp-content\/uploads\/2018\/10\/img3_plastics.jpg)\">\n\t\t<div class=\"trans_mercat\">\n\t\t\t<span class=\"h4\">Pl\u00e0stics i tintes<br> d'impressi\u00f2<\/span>\n\t\t<\/div>\n\t<\/div>\n<\/a><\/div><\/div><\/div><div id=\"pgc-821-0-4\"  class=\"panel-grid-cell\" ><div id=\"panel-821-0-4-0\" class=\"widget_text so-panel widget widget_custom_html panel-first-child panel-last-child\" data-index=\"4\" ><div class=\"textwidget custom-html-widget\"><a href=\"http:\/\/www.biltrec.com\/caucho\/\">\n\t<div class=\"background_mercat\" style=\"background-image: url(http:\/\/www.biltrec.com\/wp-content\/uploads\/2018\/10\/img3_cautxu.jpg)\">\n\t\t<div class=\"trans_mercat\">\n\t\t\t<span class=\"h4\">Cautxu<br><br><\/span>\n\t\t<\/div>\n\t<\/div>\n<\/a><\/div><\/div><\/div><\/div><div id=\"pg-821-1\"  class=\"panel-grid panel-no-style\" ><div id=\"pgc-821-1-0\"  class=\"panel-grid-cell\" ><div id=\"panel-821-1-0-0\" class=\"widget_text so-panel widget widget_custom_html panel-first-child panel-last-child\" data-index=\"5\" ><div class=\"textwidget custom-html-widget\"><a href=\"http:\/\/www.biltrec.com\/adhesivos-pegamentos-y-sellantes\/\">\n\t<div class=\"background_mercat\" style=\"background-image: url(http:\/\/www.biltrec.com\/wp-content\/uploads\/2018\/10\/img3_adhesius.jpg)\">\n\t\t<div class=\"trans_mercat\">\n\t\t\t<span class=\"h4\">Adhesius, coles<br> i sellants<\/span>\n\t\t<\/div>\n\t<\/div>\n<\/a><\/div><\/div><\/div><div id=\"pgc-821-1-1\"  class=\"panel-grid-cell\" ><div id=\"panel-821-1-1-0\" class=\"widget_text so-panel widget widget_custom_html panel-first-child panel-last-child\" data-index=\"6\" ><div class=\"textwidget custom-html-widget\"><a href=\"http:\/\/www.biltrec.com\/pinturas-y-recubrimientos\/\">\n\t<div class=\"background_mercat\" style=\"background-image: url(http:\/\/www.biltrec.com\/wp-content\/uploads\/2018\/10\/img3_pintures.jpg)\">\n\t\t<div class=\"trans_mercat\">\n\t\t\t\t<span class=\"h4\">Pintures<br> i recobriments<\/span>\n\t\t<\/div>\n\t<\/div>\n<\/a><\/div><\/div><\/div><div id=\"pgc-821-1-2\"  class=\"panel-grid-cell\" ><div id=\"panel-821-1-2-0\" class=\"widget_text so-panel widget widget_custom_html panel-first-child panel-last-child\" data-index=\"7\" ><div class=\"textwidget custom-html-widget\"><a href=\"http:\/\/www.biltrec.com\/lacas-y-barnices\/\">\n\t<div class=\"background_mercat\" style=\"background-image: url(http:\/\/www.biltrec.com\/wp-content\/uploads\/2018\/10\/img3_laques.jpg)\">\n\t\t<div class=\"trans_mercat\">\n\t\t\t<span class=\"h4\">Laques<br> i vernissos<\/span>\n\t\t<\/div>\n\t<\/div>\n<\/a><\/div><\/div><\/div><div id=\"pgc-821-1-3\"  class=\"panel-grid-cell\" ><div id=\"panel-821-1-3-0\" class=\"widget_text so-panel widget widget_custom_html panel-first-child panel-last-child\" data-index=\"8\" ><div class=\"textwidget custom-html-widget\"><a href=\"http:\/\/www.biltrec.com\/farmacia-intermedios-y-veterinaria\/\">\n\t<div class=\"background_mercat\" style=\"background-image: url(http:\/\/www.biltrec.com\/wp-content\/uploads\/2018\/10\/img3_farmacia.jpg)\">\n\t\t<div class=\"trans_mercat\">\n\t\t\t\t<span class=\"h4\">Farm\u00e0cia, intermitjos<br> i veterinaria<\/span>\n\t\t<\/div>\n\t<\/div>\n<\/a><\/div><\/div><\/div><div id=\"pgc-821-1-4\"  class=\"panel-grid-cell\" ><div id=\"panel-821-1-4-0\" class=\"widget_text so-panel widget widget_custom_html panel-first-child panel-last-child\" data-index=\"9\" ><div class=\"textwidget custom-html-widget\"><a href=\"http:\/\/www.biltrec.com\/detergencia-esteres-y-cosmeticos\/\">\n\t<div class=\"background_mercat\" style=\"background-image: url(http:\/\/www.biltrec.com\/wp-content\/uploads\/2018\/10\/img3_detergencia.jpg)\">\n\t\t<div class=\"trans_mercat\">\n\t\t\t<span class=\"h4\">Deterg\u00e8ncia, esters<br> i cosm\u00e8tics<\/span>\n\t\t<\/div>\n\t<\/div>\n<\/a><\/div><\/div><\/div><\/div><div id=\"pg-821-2\"  class=\"panel-grid panel-no-style\" ><div id=\"pgc-821-2-0\"  class=\"panel-grid-cell\" ><div id=\"panel-821-2-0-0\" class=\"widget_text so-panel widget widget_custom_html panel-first-child panel-last-child\" data-index=\"10\" ><div class=\"textwidget custom-html-widget\"><a href=\"\/ca\/fertilizantes\">\n\t<div class=\"background_mercat\" style=\"background-image: url(\/wp-content\/uploads\/2023\/06\/af-nou-mercat-fertilitzants-biltrec.jpg)\">\n\t\t<div class=\"trans_mercat\">\n\t\t\t\t<span class=\"h4\">Fertilitzants<br\/>&nbsp;<\/span>\n\t\t<\/div>\n\t<\/div>\n<\/a><\/div><\/div><\/div><div id=\"pgc-821-2-1\"  class=\"panel-grid-cell\" ><div id=\"panel-821-2-1-0\" class=\"widget_text so-panel widget widget_custom_html panel-first-child panel-last-child\" data-index=\"11\" ><div class=\"textwidget custom-html-widget\"><a href=\"\/ca\/papel-y-laminados\">\n\t<div class=\"background_mercat\" style=\"background-image: url(http:\/\/www.biltrec.com\/wp-content\/uploads\/2024\/12\/imatge-papers-i-laminats-biltrec.jpg)\">\n\t\t<div class=\"trans_mercat\">\n\t\t\t<span class=\"h4\">Paper i Laminats<br\/>&nbsp;<\/span>\n\t\t<\/div>\n\t<\/div>\n<\/a><\/div><\/div><\/div><div id=\"pgc-821-2-2\"  class=\"panel-grid-cell panel-grid-cell-empty\" ><\/div><div id=\"pgc-821-2-3\"  class=\"panel-grid-cell panel-grid-cell-empty panel-grid-cell-mobile-last\" ><\/div><div id=\"pgc-821-2-4\"  class=\"panel-grid-cell panel-grid-cell-empty\" ><\/div><\/div><div id=\"pg-821-3\"  class=\"panel-grid panel-no-style\" ><div id=\"pgc-821-3-0\"  class=\"panel-grid-cell\" ><div id=\"panel-821-3-0-0\" class=\"widget_text so-panel widget widget_custom_html panel-first-child panel-last-child\" data-index=\"12\" ><div class=\"textwidget custom-html-widget\"><div class=\"tit_serveis\">\n\t<h1 class=\"h3\">\n\t\t<span>Serveis<\/span>\n\t<\/h1>\n<\/div><\/div><\/div><\/div><\/div><div id=\"pg-821-4\"  class=\"panel-grid panel-no-style\" ><div id=\"pgc-821-4-0\"  class=\"panel-grid-cell\" ><div id=\"panel-821-4-0-0\" class=\"widget_text so-panel widget widget_custom_html panel-first-child panel-last-child\" data-index=\"13\" ><div class=\"widget_text panel-widget-style panel-widget-style-for-821-4-0-0\" ><div class=\"textwidget custom-html-widget\"><a href=\"http:\/\/www.biltrec.com\/servicios\/\">\n\t<div style=\"text-align:center\">\n\t\t<div class=\"serveis\">\n\t\t\t<div><img decoding=\"async\" src=\"http:\/\/www.biltrec.com\/wp-content\/uploads\/s_almacenaje.svg\"><\/div>\n\t\t\t<h2 class=\"span\" style=\"font-weight: 400\">Magatzems<\/h2>\n\t\t<\/div>\n\t<\/div>\n<\/a><\/div><\/div><\/div><\/div><div id=\"pgc-821-4-1\"  class=\"panel-grid-cell\" ><div id=\"panel-821-4-1-0\" class=\"widget_text so-panel widget widget_custom_html panel-first-child panel-last-child\" data-index=\"14\" ><div class=\"widget_text panel-widget-style panel-widget-style-for-821-4-1-0\" ><div class=\"textwidget custom-html-widget\"><a href=\"http:\/\/www.biltrec.com\/servicios\/\">\n\t<div style=\"text-align:center\">\n\t\t<div class=\"serveis\">\n\t\t\t<div><img decoding=\"async\" src=\"http:\/\/www.biltrec.com\/wp-content\/uploads\/s_logistica.svg\"><\/div>\n\t\t\t<h2 class=\"span\" style=\"font-weight: 400\">Log\u00edstica <br>i transport<\/h2>\n\t\t<\/div>\n\t<\/div>\n<\/a><\/div><\/div><\/div><\/div><div id=\"pgc-821-4-2\"  class=\"panel-grid-cell\" ><div id=\"panel-821-4-2-0\" class=\"widget_text so-panel widget widget_custom_html panel-first-child panel-last-child\" data-index=\"15\" ><div class=\"widget_text panel-widget-style panel-widget-style-for-821-4-2-0\" ><div class=\"textwidget custom-html-widget\"><a href=\"http:\/\/www.biltrec.com\/servicios\/\">\n\t<div style=\"text-align:center\">\n\t\t<div class=\"serveis\">\n\t\t\t<div><img decoding=\"async\" src=\"http:\/\/www.biltrec.com\/wp-content\/uploads\/s_envasados.svg\"><\/div>\n\t\t\t<h2 class=\"span\" style=\"font-weight: 400\">Envasats <br>i fabricacions<\/h2>\n\t\t<\/div>\n\t<\/div>\n<\/a><\/div><\/div><\/div><\/div><div id=\"pgc-821-4-3\"  class=\"panel-grid-cell\" ><div id=\"panel-821-4-3-0\" class=\"widget_text so-panel widget widget_custom_html panel-first-child panel-last-child\" data-index=\"16\" ><div class=\"widget_text panel-widget-style panel-widget-style-for-821-4-3-0\" ><div class=\"textwidget custom-html-widget\"><a href=\"http:\/\/www.biltrec.com\/servicios\/\">\n\t<div style=\"text-align:center\">\n\t\t<div class=\"serveis\">\n\t\t\t<div><img decoding=\"async\" src=\"http:\/\/www.biltrec.com\/wp-content\/uploads\/s_outsourcing.svg\"><\/div>\n\t\t\t<h2 class=\"span\" style=\"font-weight: 400\">Outsourcing <br>Central de compres<\/h2>\n\t\t<\/div>\n\t<\/div>\n<\/a><\/div><\/div><\/div><\/div><\/div><div id=\"pg-821-5\"  class=\"panel-grid panel-no-style\" ><div id=\"pgc-821-5-0\"  class=\"panel-grid-cell\" ><div id=\"panel-821-5-0-0\" class=\"widget_text so-panel widget widget_custom_html panel-first-child panel-last-child\" data-index=\"17\" ><div class=\"textwidget custom-html-widget\"><div class=\"line\"><\/div><\/div><\/div><\/div><\/div><div id=\"pg-821-6\"  class=\"panel-grid panel-no-style\" ><div id=\"pgc-821-6-0\"  class=\"panel-grid-cell\" ><div id=\"panel-821-6-0-0\" class=\"so-panel widget widget_text panel-first-child panel-last-child\" data-index=\"18\" ><div class=\"panel-widget-style panel-widget-style-for-821-6-0-0\" >\t\t\t<div class=\"textwidget\"><p><a href=\"https:\/\/www.biltrec.com\/ca\/empresas-del-grupo\/\"><img loading=\"lazy\" decoding=\"async\" class=\"alignnone size-full wp-image-2481\" src=\"http:\/\/www.biltrec.com\/wp-content\/uploads\/2023\/02\/Empresas-del-grupo-BILTREC-home.jpg\" alt=\"\" width=\"1199\" height=\"263\" srcset=\"https:\/\/www.biltrec.com\/wp-content\/uploads\/2023\/02\/Empresas-del-grupo-BILTREC-home.jpg 1199w, https:\/\/www.biltrec.com\/wp-content\/uploads\/2023\/02\/Empresas-del-grupo-BILTREC-home-300x66.jpg 300w, https:\/\/www.biltrec.com\/wp-content\/uploads\/2023\/02\/Empresas-del-grupo-BILTREC-home-1024x225.jpg 1024w, https:\/\/www.biltrec.com\/wp-content\/uploads\/2023\/02\/Empresas-del-grupo-BILTREC-home-768x168.jpg 768w\" sizes=\"auto, (max-width: 1199px) 100vw, 1199px\" \/><\/a><\/p>\n<\/div>\n\t\t<\/div><\/div><\/div><\/div><div id=\"pg-821-7\"  class=\"panel-grid panel-no-style\" ><div id=\"pgc-821-7-0\"  class=\"panel-grid-cell\" ><div id=\"panel-821-7-0-0\" class=\"widget_text so-panel widget widget_custom_html panel-first-child panel-last-child\" data-index=\"19\" ><div class=\"textwidget custom-html-widget\"><div class=\"line\"><\/div><\/div><\/div><\/div><\/div><div id=\"pg-821-8\"  class=\"panel-grid panel-no-style\" ><div id=\"pgc-821-8-0\"  class=\"panel-grid-cell\" ><div id=\"panel-821-8-0-0\" class=\"widget_text so-panel widget widget_custom_html panel-first-child panel-last-child\" data-index=\"20\" ><div class=\"textwidget custom-html-widget\"><div class=\"banner_calidad\">\n\t<p style=\"margin-bottom: 40px; margin-top: 20px\">Qualitat certificada<\/p>\n\t<p>\n\t\t<a href=\"http:\/\/www.biltrec.com\/calidad\/\"><span class=\"boton\">Saber m\u00e9s<\/span><\/a>\n\t<\/p>\n<\/div><\/div><\/div><\/div><\/div><div id=\"pg-821-9\"  class=\"panel-grid panel-no-style\" ><div id=\"pgc-821-9-0\"  class=\"panel-grid-cell\" ><div id=\"panel-821-9-0-0\" class=\"widget_text so-panel widget widget_custom_html panel-first-child panel-last-child\" data-index=\"21\" ><div class=\"textwidget custom-html-widget\"><span style=\"font-weight: 400; font-size: 12px; padding-top: 26px\">\n\tBILTREC S.A. \u00a0Atl\u00e0ntida 21, 1r 2a \u00a0\u00b7 \u00a008930 Sant Adri\u00e0 del Bes\u00f2s - Barcelona (Espanya)\n<\/span><\/div><\/div><\/div><\/div><\/div>","protected":false},"excerpt":{"rendered":"<p>Curtits i t\u00e8xtil Olis, lubricants i greixos Resines, plastisols i emulsions Pl\u00e0stics i tintes d&#8217;impressi\u00f2 Cautxu Adhesius, coles i sellants Pintures i recobriments Laques i vernissos Farm\u00e0cia, intermitjos i veterinaria Deterg\u00e8ncia, esters i cosm\u00e8tics Fertilitzants&nbsp; Paper i Laminats&nbsp; Serveis Magatzems &hellip; <a href=\"https:\/\/www.biltrec.com\/ca\/\">Continued<\/a><\/p>\n","protected":false},"author":1,"featured_media":0,"parent":0,"menu_order":0,"comment_status":"closed","ping_status":"closed","template":"","meta":{"jetpack_post_was_ever_published":false,"footnotes":""},"class_list":["post-821","page","type-page","status-publish","hentry"],"jetpack_sharing_enabled":true,"jetpack_shortlink":"https:\/\/wp.me\/PanbbY-df","_links":{"self":[{"href":"https:\/\/www.biltrec.com\/ca\/wp-json\/wp\/v2\/pages\/821","targetHints":{"allow":["GET"]}}],"collection":[{"href":"https:\/\/www.biltrec.com\/ca\/wp-json\/wp\/v2\/pages"}],"about":[{"href":"https:\/\/www.biltrec.com\/ca\/wp-json\/wp\/v2\/types\/page"}],"author":[{"embeddable":true,"href":"https:\/\/www.biltrec.com\/ca\/wp-json\/wp\/v2\/users\/1"}],"replies":[{"embeddable":true,"href":"https:\/\/www.biltrec.com\/ca\/wp-json\/wp\/v2\/comments?post=821"}],"version-history":[{"count":242,"href":"https:\/\/www.biltrec.com\/ca\/wp-json\/wp\/v2\/pages\/821\/revisions"}],"predecessor-version":[{"id":2767,"href":"https:\/\/www.biltrec.com\/ca\/wp-json\/wp\/v2\/pages\/821\/revisions\/2767"}],"wp:attachment":[{"href":"https:\/\/www.biltrec.com\/ca\/wp-json\/wp\/v2\/media?parent=821"}],"curies":[{"name":"wp","href":"https:\/\/api.w.org\/{rel}","templated":true}]}}