{"id":2718,"date":"2024-12-02T18:48:31","date_gmt":"2024-12-02T18:48:31","guid":{"rendered":"https:\/\/www.biltrec.com\/?page_id=2718"},"modified":"2025-05-14T10:15:24","modified_gmt":"2025-05-14T10:15:24","slug":"papel-y-laminados","status":"publish","type":"page","link":"https:\/\/www.biltrec.com\/ca\/papel-y-laminados\/","title":{"rendered":"Paper i Laminats"},"content":{"rendered":"<p style=\"padding: 0px 0px 20px 0px;\"><img decoding=\"async\" class=\".img_mercat\" src=\"http:\/\/www.biltrec.com\/wp-content\/uploads\/2024\/12\/imatge-papers-i-laminats-biltrec.jpg\"><\/p>\n<p style=\"padding: 10px 0px;\">&nbsp;<\/p>\n<h2 class=\"h5 titularproductes\">Productes<\/h2>\n<table id=\"myTable\" class=\"tablesorter datatable row-border\">\n<thead>\n<tr>\n<th>Producto<\/th>\n<th>N\u00ba CAS<\/th>\n<th>Registro REACH<\/th>\n<\/tr>\n<\/thead>\n<tbody>\n<tr>\n<td>Melamina<\/td>\n<td>108-78-1<\/td>\n<td>Si<\/td>\n<\/tr>\n<tr>\n<td>UREA N46<\/td>\n<td>57-13-6<\/td>\n<td>Si<\/td>\n<\/tr>\n<tr>\n<td>Acido Benzoico<\/td>\n<td>65-85-0 <\/td>\n<td>Si<\/td>\n<\/tr>\n<tr>\n<td>Acetoguanamina<\/td>\n<td>542-02-9<\/td>\n<td>Si<\/td>\n<\/tr>\n<tr>\n<td>\u00c1cido Ad\u00edpico<\/td>\n<td>124-04-9<\/td>\n<td>Si<\/td>\n<\/tr>\n<tr>\n<td>Carbonato c\u00e1lcico Coloidal Precipitado<\/td>\n<td>471-34-1<\/td>\n<td>Si<\/td>\n<\/tr>\n<tr>\n<td>Hexamina<\/td>\n<td>100-97-0<\/td>\n<td>Si<\/td>\n<\/tr>\n<tr>\n<td>S\u00edlice Pirog\u00e9nica<\/td>\n<td>7631-86-9<\/td>\n<td>Si<\/td>\n<\/tr>\n<\/tbody>\n<\/table>\n<div class=\"info_mercat\">\n<div>\n<div class=\"info_mercat_text\">Para solicitar m\u00e1s informaci\u00f3n, puedes contactar con nosotros a trav\u00e9s de nuestro formulario de contacto.<\/div>\n<div class=\"info_mercat_boto\"><a href=\"http:\/\/www.biltrec.com\/solicitar-informacion\/\">Solicitar informaci\u00f3n<\/a><\/div>\n<p>&nbsp;<\/p>\n<\/div>\n<\/div>","protected":false},"excerpt":{"rendered":"<p>&nbsp; Productes Producto N\u00ba CAS Registro REACH Melamina 108-78-1 Si UREA N46 57-13-6 Si Acido Benzoico 65-85-0 Si Acetoguanamina 542-02-9 Si \u00c1cido Ad\u00edpico 124-04-9 Si Carbonato c\u00e1lcico Coloidal Precipitado 471-34-1 Si Hexamina 100-97-0 Si S\u00edlice Pirog\u00e9nica 7631-86-9 Si Para solicitar &hellip; <a href=\"https:\/\/www.biltrec.com\/ca\/papel-y-laminados\/\">Continued<\/a><\/p>\n","protected":false},"author":2,"featured_media":0,"parent":0,"menu_order":0,"comment_status":"closed","ping_status":"closed","template":"page-fullwidth.php","meta":{"jetpack_post_was_ever_published":false,"footnotes":""},"class_list":["post-2718","page","type-page","status-publish","hentry"],"jetpack_sharing_enabled":true,"jetpack_shortlink":"https:\/\/wp.me\/PanbbY-HQ","_links":{"self":[{"href":"https:\/\/www.biltrec.com\/ca\/wp-json\/wp\/v2\/pages\/2718","targetHints":{"allow":["GET"]}}],"collection":[{"href":"https:\/\/www.biltrec.com\/ca\/wp-json\/wp\/v2\/pages"}],"about":[{"href":"https:\/\/www.biltrec.com\/ca\/wp-json\/wp\/v2\/types\/page"}],"author":[{"embeddable":true,"href":"https:\/\/www.biltrec.com\/ca\/wp-json\/wp\/v2\/users\/2"}],"replies":[{"embeddable":true,"href":"https:\/\/www.biltrec.com\/ca\/wp-json\/wp\/v2\/comments?post=2718"}],"version-history":[{"count":4,"href":"https:\/\/www.biltrec.com\/ca\/wp-json\/wp\/v2\/pages\/2718\/revisions"}],"predecessor-version":[{"id":2788,"href":"https:\/\/www.biltrec.com\/ca\/wp-json\/wp\/v2\/pages\/2718\/revisions\/2788"}],"wp:attachment":[{"href":"https:\/\/www.biltrec.com\/ca\/wp-json\/wp\/v2\/media?parent=2718"}],"curies":[{"name":"wp","href":"https:\/\/api.w.org\/{rel}","templated":true}]}}