{"id":2546,"date":"2023-06-13T18:10:44","date_gmt":"2023-06-13T18:10:44","guid":{"rendered":"https:\/\/www.biltrec.com\/?page_id=2546"},"modified":"2025-05-14T10:17:40","modified_gmt":"2025-05-14T10:17:40","slug":"fertilizantes","status":"publish","type":"page","link":"https:\/\/www.biltrec.com\/ca\/fertilizantes\/","title":{"rendered":"Fertilitzants"},"content":{"rendered":"<p style=\"padding: 0px 0px 20px 0px;\"><img decoding=\"async\" class=\".img_mercat\" src=\"\/wp-content\/uploads\/2023\/06\/af-nou-mercat-fertilitzants-biltrec.jpg\"><\/p>\n<p style=\"padding: 10px 0px;\">&nbsp;<\/p>\n<h5 class=\"titularproductes\">Productos<\/h5>\n<table id=\"myTable\" class=\"tablesorter datatable row-border\">\n<thead>\n<tr>\n<th>Producto<\/th>\n<th>N\u00ba CAS<\/th>\n<th>Registro REACH<\/th>\n<\/tr>\n<\/thead>\n<tbody>\n<tr>\n<td>Aceite de Ricino Hidrogenado<\/td>\n<td>8001-78-3<\/td>\n<td>Si<\/td>\n<\/tr>\n<tr>\n<td>\u00c1cido Ad\u00edpico<\/td>\n<td>124-04-9 <\/td>\n<td>Si<\/td>\n<\/tr>\n<tr>\n<td>Acido Benzoico<\/td>\n<td>65-85-0 <\/td>\n<td>Si<\/td>\n<\/tr>\n<tr>\n<td>\u00c1cido Fum\u00e1rico<\/td>\n<td>110-17-8<\/td>\n<td>Si<\/td>\n<\/tr>\n<tr>\n<td>Paraformaldehido 96%<\/td>\n<td>30525-89-4<\/td>\n<td>Si<\/td>\n<\/tr>\n<tr>\n<td>Silicato (Siliconato) de Potasio<\/td>\n<td>1312-76-1<\/td>\n<td>Si<\/td>\n<\/tr>\n<tr>\n<td>Hexametafosfato S\u00f3dico<\/td>\n<td>10124-56-8<\/td>\n<td>Si<\/td>\n<\/tr>\n<tr>\n<td>Urea N46<\/td>\n<td>57-13-6<\/td>\n<td>Si<\/td>\n<\/tr>\n<\/tbody>\n<\/table>\n<div class=\"info_mercat\">\n<div>\n<div class=\"info_mercat_text\">Para solicitar m\u00e1s informaci\u00f3n, puedes contactar con nosotros a trav\u00e9s de nuestro formulario de contacto.<\/div>\n<div class=\"info_mercat_boto\"><a href=\"http:\/\/www.biltrec.com\/solicitar-informacion\/\">Solicitar informaci\u00f3n<\/a><\/div>\n<p>&nbsp;<\/p>\n<\/div>\n<\/div>","protected":false},"excerpt":{"rendered":"<p>&nbsp; Productos Producto N\u00ba CAS Registro REACH Aceite de Ricino Hidrogenado 8001-78-3 Si \u00c1cido Ad\u00edpico 124-04-9 Si Acido Benzoico 65-85-0 Si \u00c1cido Fum\u00e1rico 110-17-8 Si Paraformaldehido 96% 30525-89-4 Si Silicato (Siliconato) de Potasio 1312-76-1 Si Hexametafosfato S\u00f3dico 10124-56-8 Si Urea &hellip; <a href=\"https:\/\/www.biltrec.com\/ca\/fertilizantes\/\">Continued<\/a><\/p>\n","protected":false},"author":2,"featured_media":0,"parent":0,"menu_order":0,"comment_status":"closed","ping_status":"closed","template":"page-fullwidth.php","meta":{"jetpack_post_was_ever_published":false,"footnotes":""},"class_list":["post-2546","page","type-page","status-publish","hentry"],"jetpack_sharing_enabled":true,"jetpack_shortlink":"https:\/\/wp.me\/PanbbY-F4","_links":{"self":[{"href":"https:\/\/www.biltrec.com\/ca\/wp-json\/wp\/v2\/pages\/2546","targetHints":{"allow":["GET"]}}],"collection":[{"href":"https:\/\/www.biltrec.com\/ca\/wp-json\/wp\/v2\/pages"}],"about":[{"href":"https:\/\/www.biltrec.com\/ca\/wp-json\/wp\/v2\/types\/page"}],"author":[{"embeddable":true,"href":"https:\/\/www.biltrec.com\/ca\/wp-json\/wp\/v2\/users\/2"}],"replies":[{"embeddable":true,"href":"https:\/\/www.biltrec.com\/ca\/wp-json\/wp\/v2\/comments?post=2546"}],"version-history":[{"count":7,"href":"https:\/\/www.biltrec.com\/ca\/wp-json\/wp\/v2\/pages\/2546\/revisions"}],"predecessor-version":[{"id":2795,"href":"https:\/\/www.biltrec.com\/ca\/wp-json\/wp\/v2\/pages\/2546\/revisions\/2795"}],"wp:attachment":[{"href":"https:\/\/www.biltrec.com\/ca\/wp-json\/wp\/v2\/media?parent=2546"}],"curies":[{"name":"wp","href":"https:\/\/api.w.org\/{rel}","templated":true}]}}