{"id":2410,"date":"2022-01-31T15:43:50","date_gmt":"2022-01-31T15:43:50","guid":{"rendered":"https:\/\/www.biltrec.com\/?page_id=2410"},"modified":"2025-06-11T11:51:10","modified_gmt":"2025-06-11T11:51:10","slug":"empresas-del-grupo","status":"publish","type":"page","link":"https:\/\/www.biltrec.com\/ca\/empresas-del-grupo\/","title":{"rendered":"Empreses del grup"},"content":{"rendered":"<div id=\"pl-2410\"  class=\"panel-layout\" ><div id=\"pg-2410-0\"  class=\"panel-grid panel-no-style\" ><div id=\"pgc-2410-0-0\"  class=\"panel-grid-cell\" ><div id=\"panel-2410-0-0-0\" class=\"so-panel widget widget_text panel-first-child panel-last-child\" data-index=\"0\" >\t\t\t<div class=\"textwidget\"><p>El grup d\u2019empreses BILTREC preten, mitjan\u00e7ant la diversificaci\u00f2 de mercats, oferir una atenci\u00f2 i especialitzaci\u00f2 m\u00e9s acurada segons les necessitats dels nostres clients: Desde Assessor\u00eda t\u00e9cnica-comercial a consultor\u00eda en materia de seguretat i\/o desenvolupament de nous projectes d\u2019I+D.<\/p>\n<p>No dubti a contactar-nos en cas de qualsevol necessitat.<\/p>\n<\/div>\n\t\t<\/div><\/div><\/div><div id=\"pg-2410-1\"  class=\"panel-grid panel-no-style\" ><div id=\"pgc-2410-1-0\"  class=\"panel-grid-cell\" ><div id=\"panel-2410-1-0-0\" class=\"so-panel widget widget_text panel-first-child panel-last-child\" data-index=\"1\" >\t\t\t<div class=\"textwidget\"><p><a href=\"https:\/\/www.agood-services.com\/\" target=\"_blank\" rel=\"noopener\"><img loading=\"lazy\" decoding=\"async\" class=\"alignnone size-full\" src=\"http:\/\/www.biltrec.com\/wp-content\/uploads\/2022\/02\/agood-services-management-1.png\" alt=\"\" width=\"280\" height=\"152\" \/><\/a><\/p>\n<\/div>\n\t\t<\/div><\/div><div id=\"pgc-2410-1-1\"  class=\"panel-grid-cell\" ><div id=\"panel-2410-1-1-0\" class=\"so-panel widget widget_text panel-first-child panel-last-child\" data-index=\"2\" >\t\t\t<div class=\"textwidget\"><p><a href=\"https:\/\/www.agood-chemicals.com\/\" target=\"_blank\" rel=\"noopener\"><img loading=\"lazy\" decoding=\"async\" class=\"alignnone size-full \" src=\"http:\/\/www.biltrec.com\/wp-content\/uploads\/2022\/01\/agood-chemicals.png\" alt=\"\" width=\"280\" height=\"152\" \/><\/a><\/p>\n<\/div>\n\t\t<\/div><\/div><div id=\"pgc-2410-1-2\"  class=\"panel-grid-cell\" ><div id=\"panel-2410-1-2-0\" class=\"so-panel widget widget_text panel-first-child panel-last-child\" data-index=\"3\" >\t\t\t<div class=\"textwidget\"><p><a href=\"https:\/\/www.alchemie-spain.com\/\" target=\"_blank\" rel=\"noopener\"><img loading=\"lazy\" decoding=\"async\" class=\"alignnone size-full\" src=\"http:\/\/www.biltrec.com\/wp-content\/uploads\/2023\/02\/agood-fertilizers.png\" alt=\"\" width=\"280\" height=\"152\" \/><\/a><\/p>\n<\/div>\n\t\t<\/div><\/div><div id=\"pgc-2410-1-3\"  class=\"panel-grid-cell\" ><div id=\"panel-2410-1-3-0\" class=\"so-panel widget widget_text panel-first-child panel-last-child\" data-index=\"4\" >\t\t\t<div class=\"textwidget\"><p><a href=\"https:\/\/www.alchemie-spain.com\/\" target=\"_blank\" rel=\"noopener\"><img loading=\"lazy\" decoding=\"async\" class=\"alignnone size-full \" src=\"http:\/\/www.biltrec.com\/wp-content\/uploads\/2022\/01\/alchemie-spain.png\" alt=\"\" width=\"280\" height=\"152\" \/><\/a><\/p>\n<\/div>\n\t\t<\/div><\/div><\/div><div id=\"pg-2410-2\"  class=\"panel-grid panel-no-style\" ><div id=\"pgc-2410-2-0\"  class=\"panel-grid-cell panel-grid-cell-empty\" ><\/div><\/div><\/div>","protected":false},"excerpt":{"rendered":"<p>El grup d\u2019empreses BILTREC preten, mitjan\u00e7ant la diversificaci\u00f2 de mercats, oferir una atenci\u00f2 i especialitzaci\u00f2 m\u00e9s acurada segons les necessitats dels nostres clients: Desde Assessor\u00eda t\u00e9cnica-comercial a consultor\u00eda en materia de seguretat i\/o desenvolupament de nous projectes d\u2019I+D. No dubti &hellip; <a href=\"https:\/\/www.biltrec.com\/ca\/empresas-del-grupo\/\">Continued<\/a><\/p>\n","protected":false},"author":2,"featured_media":0,"parent":0,"menu_order":0,"comment_status":"closed","ping_status":"closed","template":"page-fullwidth.php","meta":{"jetpack_post_was_ever_published":false,"footnotes":""},"class_list":["post-2410","page","type-page","status-publish","hentry"],"jetpack_sharing_enabled":true,"jetpack_shortlink":"https:\/\/wp.me\/PanbbY-CS","_links":{"self":[{"href":"https:\/\/www.biltrec.com\/ca\/wp-json\/wp\/v2\/pages\/2410","targetHints":{"allow":["GET"]}}],"collection":[{"href":"https:\/\/www.biltrec.com\/ca\/wp-json\/wp\/v2\/pages"}],"about":[{"href":"https:\/\/www.biltrec.com\/ca\/wp-json\/wp\/v2\/types\/page"}],"author":[{"embeddable":true,"href":"https:\/\/www.biltrec.com\/ca\/wp-json\/wp\/v2\/users\/2"}],"replies":[{"embeddable":true,"href":"https:\/\/www.biltrec.com\/ca\/wp-json\/wp\/v2\/comments?post=2410"}],"version-history":[{"count":26,"href":"https:\/\/www.biltrec.com\/ca\/wp-json\/wp\/v2\/pages\/2410\/revisions"}],"predecessor-version":[{"id":2809,"href":"https:\/\/www.biltrec.com\/ca\/wp-json\/wp\/v2\/pages\/2410\/revisions\/2809"}],"wp:attachment":[{"href":"https:\/\/www.biltrec.com\/ca\/wp-json\/wp\/v2\/media?parent=2410"}],"curies":[{"name":"wp","href":"https:\/\/api.w.org\/{rel}","templated":true}]}}