{"id":1497,"date":"2018-10-11T10:45:55","date_gmt":"2018-10-11T10:45:55","guid":{"rendered":"http:\/\/www.biltrec.com\/?page_id=1497"},"modified":"2023-04-17T09:15:53","modified_gmt":"2023-04-17T09:15:53","slug":"solicitar-informacion","status":"publish","type":"page","link":"https:\/\/www.biltrec.com\/ca\/solicitar-informacion\/","title":{"rendered":"Solicitar informaci\u00f3"},"content":{"rendered":"<div id=\"pl-1497\"  class=\"panel-layout\" ><div id=\"pg-1497-0\"  class=\"panel-grid panel-no-style\" ><div id=\"pgc-1497-0-0\"  class=\"panel-grid-cell\" ><div id=\"panel-1497-0-0-0\" class=\"so-panel widget widget_text panel-first-child\" data-index=\"0\" >\t\t\t<div class=\"textwidget\"><p>Contacti amb nosaltres, mitjan\u00e7ant el seg\u00fcent formulari, per sol\u00b7licitar m\u00e9s informaci\u00f3.<\/p>\n<p>Ompli tots els camps requerits i li respondrem lo m\u00e9s aviat possible.<\/p>\n<\/div>\n\t\t<\/div><div id=\"panel-1497-0-0-1\" class=\"so-panel widget widget_text panel-last-child\" data-index=\"1\" ><div class=\"panel-widget-style panel-widget-style-for-1497-0-0-1\" >\t\t\t<div class=\"textwidget\"><div class=\"wpforms-container wpforms-container-full\" id=\"wpforms-1499\"><form id=\"wpforms-form-1499\" class=\"wpforms-validate wpforms-form\" data-formid=\"1499\" method=\"post\" enctype=\"multipart\/form-data\" action=\"\/ca\/wp-json\/wp\/v2\/pages\/1497\" data-token=\"7ec4f669150ce10eca8821fe4e06dcbe\" data-token-time=\"1777018046\"><noscript class=\"wpforms-error-noscript\">Activeu el JavaScript al navegador per a poder completar el formulari.<\/noscript><div class=\"wpforms-field-container\"><div id=\"wpforms-1499-field_1-container\" class=\"wpforms-field wpforms-field-name wpforms-one-half wpforms-first\" data-field-id=\"1\"><input type=\"text\" id=\"wpforms-1499-field_1\" class=\"wpforms-field-large\" name=\"wpforms[fields][1]\" placeholder=\"Empresa\" ><\/div><div id=\"wpforms-1499-field_3-container\" class=\"wpforms-field wpforms-field-number wpforms-one-half\" data-field-id=\"3\"><input type=\"number\" id=\"wpforms-1499-field_3\" class=\"wpforms-field-large\" name=\"wpforms[fields][3]\" placeholder=\"Tel\u00e8fon\" step=\"any\" ><\/div><div id=\"wpforms-1499-field_4-container\" class=\"wpforms-field wpforms-field-name wpforms-one-half wpforms-first\" data-field-id=\"4\"><input type=\"text\" id=\"wpforms-1499-field_4\" class=\"wpforms-field-large\" name=\"wpforms[fields][4]\" placeholder=\"Persona de contacte\" ><\/div><div id=\"wpforms-1499-field_5-container\" class=\"wpforms-field wpforms-field-email wpforms-one-half\" data-field-id=\"5\"><input type=\"email\" id=\"wpforms-1499-field_5\" class=\"wpforms-field-large\" name=\"wpforms[fields][5]\" placeholder=\"Correu electr\u00f2nic\" spellcheck=\"false\" ><\/div><div id=\"wpforms-1499-field_7-container\" class=\"wpforms-field wpforms-field-name wpforms-one-half wpforms-first\" data-field-id=\"7\"><input type=\"text\" id=\"wpforms-1499-field_7\" class=\"wpforms-field-large\" name=\"wpforms[fields][7]\" placeholder=\"Pa\u00eds\" ><\/div><div id=\"wpforms-1499-field_8-container\" class=\"wpforms-field wpforms-field-select wpforms-one-half\" data-field-id=\"8\"><select id=\"wpforms-1499-field_8\" class=\"wpforms-field-large\" name=\"wpforms[fields][8]\"><option value=\"\" class=\"placeholder\" disabled  selected='selected'>Mercat<\/option><option value=\"Curtits i t\u00e8xtil\"  class=\"choice-2 depth-1\"  >Curtits i t\u00e8xtil<\/option><option value=\"Olis, lubricants i greixos\"  class=\"choice-3 depth-1\"  >Olis, lubricants i greixos<\/option><option value=\"Resines, plastisols i emulsions\"  class=\"choice-4 depth-1\"  >Resines, plastisols i emulsions<\/option><option value=\"Pl\u00e0stics i tintes\"  class=\"choice-5 depth-1\"  >Pl\u00e0stics i tintes<\/option><option value=\"Cautxu\"  class=\"choice-6 depth-1\"  >Cautxu<\/option><option value=\"Adhesius, coles i sellants\"  class=\"choice-7 depth-1\"  >Adhesius, coles i sellants<\/option><option value=\"Pintures i recobriments\"  class=\"choice-8 depth-1\"  >Pintures i recobriments<\/option><option value=\"Laques i vernissos\"  class=\"choice-9 depth-1\"  >Laques i vernissos<\/option><option value=\"Farm\u00e0cia, intermitjos i veterinaria\"  class=\"choice-10 depth-1\"  >Farm\u00e0cia, intermitjos i veterinaria<\/option><option value=\"Deterg\u00e8ncia, esters i cosm\u00e8tics\"  class=\"choice-11 depth-1\"  >Deterg\u00e8ncia, esters i cosm\u00e8tics<\/option><\/select><\/div><div id=\"wpforms-1499-field_9-container\" class=\"wpforms-field wpforms-field-textarea\" data-field-id=\"9\"><textarea id=\"wpforms-1499-field_9\" class=\"wpforms-field-large\" name=\"wpforms[fields][9]\" placeholder=\"Missatge\" ><\/textarea><\/div><div id=\"wpforms-1499-field_10-container\" class=\"wpforms-field wpforms-field-gdpr-checkbox\" data-field-id=\"10\"><ul id=\"wpforms-1499-field_10\" class=\"wpforms-field-required\"><li class=\"choice-1\"><input type=\"checkbox\" id=\"wpforms-1499-field_10_1\" name=\"wpforms[fields][10][]\" value=\"He llegit i accepto la &lt;a href=&quot;http:\/\/www.biltrec.com\/aviso-legal\/&quot;&gt;pol\u00edtica de privacitat&lt;\/a&gt;\" required ><label class=\"wpforms-field-label-inline\" for=\"wpforms-1499-field_10_1\">He llegit i accepto la <a href=\"http:\/\/www.biltrec.com\/aviso-legal\/\">pol\u00edtica de privacitat<\/a><\/label><\/li><\/ul><\/div><\/div><!-- .wpforms-field-container --><div class=\"wpforms-recaptcha-container wpforms-is-recaptcha wpforms-is-recaptcha-type-v3\" ><input type=\"hidden\" name=\"wpforms[recaptcha]\" value=\"\"><\/div><div class=\"wpforms-submit-container\" ><input type=\"hidden\" name=\"wpforms[id]\" value=\"1499\"><input type=\"hidden\" name=\"page_title\" value=\"\"><input type=\"hidden\" name=\"page_url\" value=\"https:\/\/www.biltrec.com\/ca\/wp-json\/wp\/v2\/pages\/1497\"><input type=\"hidden\" name=\"url_referer\" value=\"\"><button type=\"submit\" name=\"wpforms[submit]\" id=\"wpforms-submit-1499\" class=\"wpforms-submit\" data-alt-text=\"Enviant...\" data-submit-text=\"Enviar\" aria-live=\"assertive\" value=\"wpforms-submit\">Enviar<\/button><\/div><\/form><\/div>  <!-- .wpforms-container -->\n<\/div>\n\t\t<\/div><\/div><\/div><\/div><\/div>","protected":false},"excerpt":{"rendered":"<p>Contacti amb nosaltres, mitjan\u00e7ant el seg\u00fcent formulari, per sol\u00b7licitar m\u00e9s informaci\u00f3. Ompli tots els camps requerits i li respondrem lo m\u00e9s aviat possible.<\/p>\n","protected":false},"author":1,"featured_media":0,"parent":0,"menu_order":0,"comment_status":"closed","ping_status":"closed","template":"page-fullwidth.php","meta":{"jetpack_post_was_ever_published":false,"footnotes":""},"class_list":["post-1497","page","type-page","status-publish","hentry"],"jetpack_sharing_enabled":true,"jetpack_shortlink":"https:\/\/wp.me\/PanbbY-o9","_links":{"self":[{"href":"https:\/\/www.biltrec.com\/ca\/wp-json\/wp\/v2\/pages\/1497","targetHints":{"allow":["GET"]}}],"collection":[{"href":"https:\/\/www.biltrec.com\/ca\/wp-json\/wp\/v2\/pages"}],"about":[{"href":"https:\/\/www.biltrec.com\/ca\/wp-json\/wp\/v2\/types\/page"}],"author":[{"embeddable":true,"href":"https:\/\/www.biltrec.com\/ca\/wp-json\/wp\/v2\/users\/1"}],"replies":[{"embeddable":true,"href":"https:\/\/www.biltrec.com\/ca\/wp-json\/wp\/v2\/comments?post=1497"}],"version-history":[{"count":13,"href":"https:\/\/www.biltrec.com\/ca\/wp-json\/wp\/v2\/pages\/1497\/revisions"}],"predecessor-version":[{"id":2504,"href":"https:\/\/www.biltrec.com\/ca\/wp-json\/wp\/v2\/pages\/1497\/revisions\/2504"}],"wp:attachment":[{"href":"https:\/\/www.biltrec.com\/ca\/wp-json\/wp\/v2\/media?parent=1497"}],"curies":[{"name":"wp","href":"https:\/\/api.w.org\/{rel}","templated":true}]}}