{"id":1379,"date":"2018-10-11T08:26:55","date_gmt":"2018-10-11T08:26:55","guid":{"rendered":"http:\/\/www.biltrec.com\/?page_id=1379"},"modified":"2025-06-11T11:24:31","modified_gmt":"2025-06-11T11:24:31","slug":"contacto","status":"publish","type":"page","link":"https:\/\/www.biltrec.com\/ca\/contacto\/","title":{"rendered":"Contacte"},"content":{"rendered":"<div id=\"pl-1379\"  class=\"panel-layout\" ><div id=\"pg-1379-0\"  class=\"panel-grid panel-has-style\" ><div class=\"panel-row-style panel-row-style-for-1379-0\" ><div id=\"pgc-1379-0-0\"  class=\"panel-grid-cell\" ><div id=\"panel-1379-0-0-0\" class=\"so-panel widget widget_text panel-first-child panel-last-child\" data-index=\"0\" >\t\t\t<div class=\"textwidget\"><div class=\"wpforms-container wpforms-container-full\" id=\"wpforms-1375\"><form id=\"wpforms-form-1375\" class=\"wpforms-validate wpforms-form\" data-formid=\"1375\" method=\"post\" enctype=\"multipart\/form-data\" action=\"\/ca\/wp-json\/wp\/v2\/pages\/1379\" data-token=\"fe15253bcfac587580125574216d42a4\" data-token-time=\"1777044243\"><noscript class=\"wpforms-error-noscript\">Activeu el JavaScript al navegador per a poder completar el formulari.<\/noscript><div class=\"wpforms-field-container\"><div id=\"wpforms-1375-field_0-container\" class=\"wpforms-field wpforms-field-name\" data-field-id=\"0\"><input type=\"text\" id=\"wpforms-1375-field_0\" class=\"wpforms-field-large\" name=\"wpforms[fields][0]\" placeholder=\"Empresa\" ><\/div><div id=\"wpforms-1375-field_3-container\" class=\"wpforms-field wpforms-field-number\" data-field-id=\"3\"><input type=\"number\" id=\"wpforms-1375-field_3\" class=\"wpforms-field-large\" name=\"wpforms[fields][3]\" placeholder=\"Tel\u00e8fon\" step=\"any\" ><\/div><div id=\"wpforms-1375-field_4-container\" class=\"wpforms-field wpforms-field-name\" data-field-id=\"4\"><input type=\"text\" id=\"wpforms-1375-field_4\" class=\"wpforms-field-large\" name=\"wpforms[fields][4]\" placeholder=\"Persona de contacte\" ><\/div><div id=\"wpforms-1375-field_1-container\" class=\"wpforms-field wpforms-field-email\" data-field-id=\"1\"><input type=\"email\" id=\"wpforms-1375-field_1\" class=\"wpforms-field-large\" name=\"wpforms[fields][1]\" placeholder=\"Correu electr\u00f2nic\" spellcheck=\"false\" ><\/div><div id=\"wpforms-1375-field_2-container\" class=\"wpforms-field wpforms-field-textarea\" data-field-id=\"2\"><textarea id=\"wpforms-1375-field_2\" class=\"wpforms-field-large\" name=\"wpforms[fields][2]\" placeholder=\"Missatge\" ><\/textarea><\/div><div id=\"wpforms-1375-field_7-container\" class=\"wpforms-field wpforms-field-gdpr-checkbox\" data-field-id=\"7\"><ul id=\"wpforms-1375-field_7\" class=\"wpforms-field-required\"><li class=\"choice-1\"><input type=\"checkbox\" id=\"wpforms-1375-field_7_1\" name=\"wpforms[fields][7][]\" value=\"He llegit i accepto la &lt;a href=&quot;http:\/\/www.biltrec.com\/aviso-legal\/&quot;&gt;pol\u00edtica de privacitat&lt;\/a&gt;\" required ><label class=\"wpforms-field-label-inline\" for=\"wpforms-1375-field_7_1\">He llegit i accepto la <a href=\"http:\/\/www.biltrec.com\/aviso-legal\/\">pol\u00edtica de privacitat<\/a> <span class=\"wpforms-required-label\">*<\/span><\/label><\/li><\/ul><\/div><\/div><!-- .wpforms-field-container --><div class=\"wpforms-field wpforms-field-hp\"><label for=\"wpforms-1375-field-hp\" class=\"wpforms-field-label\">Phone<\/label><input type=\"text\" name=\"wpforms[hp]\" id=\"wpforms-1375-field-hp\" class=\"wpforms-field-medium\"><\/div><div class=\"wpforms-recaptcha-container wpforms-is-recaptcha wpforms-is-recaptcha-type-v3\" ><input type=\"hidden\" name=\"wpforms[recaptcha]\" value=\"\"><\/div><div class=\"wpforms-submit-container\" ><input type=\"hidden\" name=\"wpforms[id]\" value=\"1375\"><input type=\"hidden\" name=\"page_title\" value=\"\"><input type=\"hidden\" name=\"page_url\" value=\"https:\/\/www.biltrec.com\/ca\/wp-json\/wp\/v2\/pages\/1379\"><input type=\"hidden\" name=\"url_referer\" value=\"\"><button type=\"submit\" name=\"wpforms[submit]\" id=\"wpforms-submit-1375\" class=\"wpforms-submit\" data-alt-text=\"Enviant...\" data-submit-text=\"Enviar\" aria-live=\"assertive\" value=\"wpforms-submit\">Enviar<\/button><\/div><\/form><\/div>  <!-- .wpforms-container -->\n<\/div>\n\t\t<\/div><\/div><div id=\"pgc-1379-0-1\"  class=\"panel-grid-cell\" ><div id=\"panel-1379-0-1-0\" class=\"widget_text so-panel widget widget_custom_html panel-first-child\" data-index=\"1\" ><div class=\"textwidget custom-html-widget\"><img decoding=\"async\" class=\"ico\" src=\"http:\/\/www.biltrec.com\/wp-content\/uploads\/ico_1.svg\">\nC\/ Atl\u00e0ntida 21, 1r 2a <br><span style=\"margin-left: 30px\">08930 Sant Adri\u00e0 de Bes\u00f2s<\/span><br> <span style=\"margin-left: 30px\">Barcelona (Espanya)<\/span><br><\/div><\/div><div id=\"panel-1379-0-1-1\" class=\"widget_text so-panel widget widget_custom_html\" data-index=\"2\" ><div class=\"textwidget custom-html-widget\"><img decoding=\"async\" class=\"ico\" src=\"http:\/\/www.biltrec.com\/wp-content\/uploads\/ico_2.svg\">\n<span style=\"font-weight: 400\">Tel\u00e8fon:<\/span> +34 93 462 29 10<br>\n<span style=\"margin-left: 30px\"><span style=\"font-weight: 400\">Fax:<\/span> +34 93 463 99 41<br>\n<span style=\"margin-left: 30px\"><span style=\"font-weight: 400\">Compres:<\/span> +34 93 462 23 06<br><\/div><\/div><div id=\"panel-1379-0-1-2\" class=\"widget_text so-panel widget widget_custom_html\" data-index=\"3\" ><div class=\"textwidget custom-html-widget\"><img decoding=\"async\" class=\"ico\" src=\"http:\/\/www.biltrec.com\/wp-content\/uploads\/ico_3.svg\" style=\"height: 17px; margin-bottom: 3px\">\n<a href=\"mailto:biltrec@biltrec.com\" style=\"color: #444\">biltrec@biltrec.com<\/a><\/div><\/div><div id=\"panel-1379-0-1-3\" class=\"widget_text so-panel widget widget_custom_html panel-last-child\" data-index=\"4\" ><div class=\"textwidget custom-html-widget\"><div class=\"dpto\"><span style=\"font-weight: 500; color: #205c8f\">Dpt. Administraci\u00f3:<\/span> <a href=\"mailto:administracion@biltrec.com\">administracion@biltrec.com<\/a><\/div>\n<div class=\"dpto\"><span style=\"font-weight: 500; color: #205c8f\">Dpt. Ventes:<\/span> <a href=\"mailto:ventas@biltrec.com\">ventas@biltrec.com<\/a><\/div>\n<div class=\"dpto\"><span style=\"font-weight: 500; color: #205c8f\">Dpt. Qualitat:<\/span> <a href=\"mailto:calidad@biltrec.com\">calidad@biltrec.com<\/a><\/div>\n<div class=\"dpto\"><span style=\"font-weight: 500; color: #205c8f\">Dpt. Compres:<\/span> <a href=\"mailto:compras@biltrec.com\">compras@biltrec.com<\/a><\/div>\n<div class=\"dpto\"><span style=\"font-weight: 500; color: #205c8f\">Dpt. Comercial:<\/span> <a href=\"mailto:comercial@biltrec.com\">comercial@biltrec.com<\/a><\/div>\n<div class=\"dpto\" style=\"border-bottom: 1px solid #ccc\"><span style=\"font-weight: 500; color: #205c8f\">Dpt. Contabilitat:<\/span> <a href=\"mailto:administracion@biltrec.com\">administracion@biltrec.com<\/a><\/div><\/div><\/div><\/div><\/div><\/div><\/div>","protected":false},"excerpt":{"rendered":"<p>Activeu el JavaScript al navegador per a poder completar el formulari.He llegit i accepto la pol\u00edtica de privacitat *PhoneEnviar C\/ Atl\u00e0ntida 21, 1r 2a 08930 Sant Adri\u00e0 de Bes\u00f2s Barcelona (Espanya) Tel\u00e8fon: +34 93 462 29 10 Fax: +34 93 &hellip; <a href=\"https:\/\/www.biltrec.com\/ca\/contacto\/\">Continued<\/a><\/p>\n","protected":false},"author":1,"featured_media":0,"parent":0,"menu_order":0,"comment_status":"closed","ping_status":"closed","template":"page-contact.php","meta":{"jetpack_post_was_ever_published":false,"footnotes":""},"class_list":["post-1379","page","type-page","status-publish","hentry"],"jetpack_sharing_enabled":true,"jetpack_shortlink":"https:\/\/wp.me\/PanbbY-mf","_links":{"self":[{"href":"https:\/\/www.biltrec.com\/ca\/wp-json\/wp\/v2\/pages\/1379","targetHints":{"allow":["GET"]}}],"collection":[{"href":"https:\/\/www.biltrec.com\/ca\/wp-json\/wp\/v2\/pages"}],"about":[{"href":"https:\/\/www.biltrec.com\/ca\/wp-json\/wp\/v2\/types\/page"}],"author":[{"embeddable":true,"href":"https:\/\/www.biltrec.com\/ca\/wp-json\/wp\/v2\/users\/1"}],"replies":[{"embeddable":true,"href":"https:\/\/www.biltrec.com\/ca\/wp-json\/wp\/v2\/comments?post=1379"}],"version-history":[{"count":150,"href":"https:\/\/www.biltrec.com\/ca\/wp-json\/wp\/v2\/pages\/1379\/revisions"}],"predecessor-version":[{"id":2808,"href":"https:\/\/www.biltrec.com\/ca\/wp-json\/wp\/v2\/pages\/1379\/revisions\/2808"}],"wp:attachment":[{"href":"https:\/\/www.biltrec.com\/ca\/wp-json\/wp\/v2\/media?parent=1379"}],"curies":[{"name":"wp","href":"https:\/\/api.w.org\/{rel}","templated":true}]}}